{"id":1976,"date":"2022-08-14T01:44:43","date_gmt":"2022-08-14T05:44:43","guid":{"rendered":"https:\/\/evocagroupna.com\/coffee-machines\/"},"modified":"2023-06-13T20:45:13","modified_gmt":"2023-06-14T00:45:13","slug":"coffee-machines","status":"publish","type":"page","link":"https:\/\/evocagroupna.com\/fr\/coffee-machines\/","title":{"rendered":"Machines \u00e0 caf\u00e9"},"content":{"rendered":"\t\t<div data-elementor-type=\"wp-page\" data-elementor-id=\"1976\" class=\"elementor elementor-1976 elementor-49\" data-elementor-post-type=\"page\">\n\t\t\t\t\t\t<section class=\"elementor-section elementor-top-section elementor-element elementor-element-4acdb36e elementor-section-boxed elementor-section-height-default elementor-section-height-default\" data-id=\"4acdb36e\" data-element_type=\"section\">\n\t\t\t\t\t\t<div class=\"elementor-container elementor-column-gap-no\">\n\t\t\t\t\t<div class=\"elementor-column elementor-col-100 elementor-top-column elementor-element elementor-element-36ff666d\" data-id=\"36ff666d\" data-element_type=\"column\">\n\t\t\t<div class=\"elementor-widget-wrap elementor-element-populated\">\n\t\t\t\t\t\t<div class=\"elementor-element elementor-element-3f57ed75 elementor-widget elementor-widget-text-editor\" data-id=\"3f57ed75\" data-element_type=\"widget\" data-widget_type=\"text-editor.default\">\n\t\t\t\t<div class=\"elementor-widget-container\">\n\t\t\t\t\t\t\t\t\t\n<p>Products page<\/p>\n\t\t\t\t\t\t\t\t<\/div>\n\t\t\t\t<\/div>\n\t\t\t\t\t<\/div>\n\t\t<\/div>\n\t\t\t\t\t<\/div>\n\t\t<\/section>\n\t\t\t\t<\/div>\n\t\t","protected":false},"excerpt":{"rendered":"<p>Products page<\/p>\n","protected":false},"author":5,"featured_media":0,"parent":0,"menu_order":0,"comment_status":"closed","ping_status":"closed","template":"template-parts\/page-products.php","meta":{"_acf_changed":false,"content-type":"","inline_featured_image":false,"footnotes":""},"class_list":["post-1976","page","type-page","status-publish","hentry"],"acf":[],"yoast_head":"<!-- This site is optimized with the Yoast SEO plugin v25.8 - https:\/\/yoast.com\/wordpress\/plugins\/seo\/ -->\n<title>Magasinez les meilleures machines \u00e0 caf\u00e9 et expresso avec\/sans moulin \u00e0 caf\u00e9<\/title>\n<meta name=\"description\" content=\"Demandez une soumission pour une machine \u00e0 caf\u00e9 personnalis\u00e9e : machine \u00e0 caf\u00e9 filtre, machine \u00e0 expresso enti\u00e8rement automatique ou distributeur de caf\u00e9 pour entreprises.\" \/>\n<meta name=\"robots\" content=\"index, follow, max-snippet:-1, max-image-preview:large, max-video-preview:-1\" \/>\n<link rel=\"canonical\" href=\"https:\/\/evocagroupna.com\/fr\/coffee-machines\/\" \/>\n<meta property=\"og:locale\" content=\"fr_FR\" \/>\n<meta property=\"og:type\" content=\"article\" \/>\n<meta property=\"og:title\" content=\"Magasinez les meilleures machines \u00e0 caf\u00e9 et expresso avec\/sans moulin \u00e0 caf\u00e9\" \/>\n<meta property=\"og:description\" content=\"Demandez une soumission pour une machine \u00e0 caf\u00e9 personnalis\u00e9e : machine \u00e0 caf\u00e9 filtre, machine \u00e0 expresso enti\u00e8rement automatique ou distributeur de caf\u00e9 pour entreprises.\" \/>\n<meta property=\"og:url\" content=\"https:\/\/evocagroupna.com\/fr\/coffee-machines\/\" \/>\n<meta property=\"og:site_name\" content=\"Evoca North America\" \/>\n<meta property=\"article:modified_time\" content=\"2023-06-14T00:45:13+00:00\" \/>\n<meta name=\"twitter:card\" content=\"summary_large_image\" \/>\n<script type=\"application\/ld+json\" class=\"yoast-schema-graph\">{\"@context\":\"https:\/\/schema.org\",\"@graph\":[{\"@type\":\"WebPage\",\"@id\":\"https:\/\/evocagroupna.com\/fr\/coffee-machines\/\",\"url\":\"https:\/\/evocagroupna.com\/fr\/coffee-machines\/\",\"name\":\"Magasinez les meilleures machines \u00e0 caf\u00e9 et expresso avec\/sans moulin \u00e0 caf\u00e9\",\"isPartOf\":{\"@id\":\"https:\/\/evocagroupna.com\/fr\/#website\"},\"datePublished\":\"2022-08-14T05:44:43+00:00\",\"dateModified\":\"2023-06-14T00:45:13+00:00\",\"description\":\"Demandez une soumission pour une machine \u00e0 caf\u00e9 personnalis\u00e9e : machine \u00e0 caf\u00e9 filtre, machine \u00e0 expresso enti\u00e8rement automatique ou distributeur de caf\u00e9 pour entreprises.\",\"breadcrumb\":{\"@id\":\"https:\/\/evocagroupna.com\/fr\/coffee-machines\/#breadcrumb\"},\"inLanguage\":\"fr-FR\",\"potentialAction\":[{\"@type\":\"ReadAction\",\"target\":[\"https:\/\/evocagroupna.com\/fr\/coffee-machines\/\"]}]},{\"@type\":\"BreadcrumbList\",\"@id\":\"https:\/\/evocagroupna.com\/fr\/coffee-machines\/#breadcrumb\",\"itemListElement\":[{\"@type\":\"ListItem\",\"position\":1,\"name\":\"Home\",\"item\":\"https:\/\/evocagroupna.com\/fr\/\"},{\"@type\":\"ListItem\",\"position\":2,\"name\":\"Machines \u00e0 caf\u00e9\"}]},{\"@type\":\"WebSite\",\"@id\":\"https:\/\/evocagroupna.com\/fr\/#website\",\"url\":\"https:\/\/evocagroupna.com\/fr\/\",\"name\":\"Evoca North America\",\"description\":\"Un site utilisant WordPress\",\"publisher\":{\"@id\":\"https:\/\/evocagroupna.com\/fr\/#organization\"},\"potentialAction\":[{\"@type\":\"SearchAction\",\"target\":{\"@type\":\"EntryPoint\",\"urlTemplate\":\"https:\/\/evocagroupna.com\/fr\/?s={search_term_string}\"},\"query-input\":{\"@type\":\"PropertyValueSpecification\",\"valueRequired\":true,\"valueName\":\"search_term_string\"}}],\"inLanguage\":\"fr-FR\"},{\"@type\":\"Organization\",\"@id\":\"https:\/\/evocagroupna.com\/fr\/#organization\",\"name\":\"Evoca North America\",\"url\":\"https:\/\/evocagroupna.com\/fr\/\",\"logo\":{\"@type\":\"ImageObject\",\"inLanguage\":\"fr-FR\",\"@id\":\"https:\/\/evocagroupna.com\/fr\/#\/schema\/logo\/image\/\",\"url\":\"https:\/\/evocagroupna.com\/wp-content\/uploads\/2024\/03\/EVOCA-NA_Carre_Couleur_RGB-2.png\",\"contentUrl\":\"https:\/\/evocagroupna.com\/wp-content\/uploads\/2024\/03\/EVOCA-NA_Carre_Couleur_RGB-2.png\",\"width\":1785,\"height\":1062,\"caption\":\"Evoca North America\"},\"image\":{\"@id\":\"https:\/\/evocagroupna.com\/fr\/#\/schema\/logo\/image\/\"}}]}<\/script>\n<!-- \/ Yoast SEO plugin. -->","yoast_head_json":{"title":"Magasinez les meilleures machines \u00e0 caf\u00e9 et expresso avec\/sans moulin \u00e0 caf\u00e9","description":"Demandez une soumission pour une machine \u00e0 caf\u00e9 personnalis\u00e9e : machine \u00e0 caf\u00e9 filtre, machine \u00e0 expresso enti\u00e8rement automatique ou distributeur de caf\u00e9 pour entreprises.","robots":{"index":"index","follow":"follow","max-snippet":"max-snippet:-1","max-image-preview":"max-image-preview:large","max-video-preview":"max-video-preview:-1"},"canonical":"https:\/\/evocagroupna.com\/fr\/coffee-machines\/","og_locale":"fr_FR","og_type":"article","og_title":"Magasinez les meilleures machines \u00e0 caf\u00e9 et expresso avec\/sans moulin \u00e0 caf\u00e9","og_description":"Demandez une soumission pour une machine \u00e0 caf\u00e9 personnalis\u00e9e : machine \u00e0 caf\u00e9 filtre, machine \u00e0 expresso enti\u00e8rement automatique ou distributeur de caf\u00e9 pour entreprises.","og_url":"https:\/\/evocagroupna.com\/fr\/coffee-machines\/","og_site_name":"Evoca North America","article_modified_time":"2023-06-14T00:45:13+00:00","twitter_card":"summary_large_image","schema":{"@context":"https:\/\/schema.org","@graph":[{"@type":"WebPage","@id":"https:\/\/evocagroupna.com\/fr\/coffee-machines\/","url":"https:\/\/evocagroupna.com\/fr\/coffee-machines\/","name":"Magasinez les meilleures machines \u00e0 caf\u00e9 et expresso avec\/sans moulin \u00e0 caf\u00e9","isPartOf":{"@id":"https:\/\/evocagroupna.com\/fr\/#website"},"datePublished":"2022-08-14T05:44:43+00:00","dateModified":"2023-06-14T00:45:13+00:00","description":"Demandez une soumission pour une machine \u00e0 caf\u00e9 personnalis\u00e9e : machine \u00e0 caf\u00e9 filtre, machine \u00e0 expresso enti\u00e8rement automatique ou distributeur de caf\u00e9 pour entreprises.","breadcrumb":{"@id":"https:\/\/evocagroupna.com\/fr\/coffee-machines\/#breadcrumb"},"inLanguage":"fr-FR","potentialAction":[{"@type":"ReadAction","target":["https:\/\/evocagroupna.com\/fr\/coffee-machines\/"]}]},{"@type":"BreadcrumbList","@id":"https:\/\/evocagroupna.com\/fr\/coffee-machines\/#breadcrumb","itemListElement":[{"@type":"ListItem","position":1,"name":"Home","item":"https:\/\/evocagroupna.com\/fr\/"},{"@type":"ListItem","position":2,"name":"Machines \u00e0 caf\u00e9"}]},{"@type":"WebSite","@id":"https:\/\/evocagroupna.com\/fr\/#website","url":"https:\/\/evocagroupna.com\/fr\/","name":"Evoca North America","description":"Un site utilisant WordPress","publisher":{"@id":"https:\/\/evocagroupna.com\/fr\/#organization"},"potentialAction":[{"@type":"SearchAction","target":{"@type":"EntryPoint","urlTemplate":"https:\/\/evocagroupna.com\/fr\/?s={search_term_string}"},"query-input":{"@type":"PropertyValueSpecification","valueRequired":true,"valueName":"search_term_string"}}],"inLanguage":"fr-FR"},{"@type":"Organization","@id":"https:\/\/evocagroupna.com\/fr\/#organization","name":"Evoca North America","url":"https:\/\/evocagroupna.com\/fr\/","logo":{"@type":"ImageObject","inLanguage":"fr-FR","@id":"https:\/\/evocagroupna.com\/fr\/#\/schema\/logo\/image\/","url":"https:\/\/evocagroupna.com\/wp-content\/uploads\/2024\/03\/EVOCA-NA_Carre_Couleur_RGB-2.png","contentUrl":"https:\/\/evocagroupna.com\/wp-content\/uploads\/2024\/03\/EVOCA-NA_Carre_Couleur_RGB-2.png","width":1785,"height":1062,"caption":"Evoca North America"},"image":{"@id":"https:\/\/evocagroupna.com\/fr\/#\/schema\/logo\/image\/"}}]}},"_links":{"self":[{"href":"https:\/\/evocagroupna.com\/fr\/wp-json\/wp\/v2\/pages\/1976","targetHints":{"allow":["GET"]}}],"collection":[{"href":"https:\/\/evocagroupna.com\/fr\/wp-json\/wp\/v2\/pages"}],"about":[{"href":"https:\/\/evocagroupna.com\/fr\/wp-json\/wp\/v2\/types\/page"}],"author":[{"embeddable":true,"href":"https:\/\/evocagroupna.com\/fr\/wp-json\/wp\/v2\/users\/5"}],"replies":[{"embeddable":true,"href":"https:\/\/evocagroupna.com\/fr\/wp-json\/wp\/v2\/comments?post=1976"}],"version-history":[{"count":10,"href":"https:\/\/evocagroupna.com\/fr\/wp-json\/wp\/v2\/pages\/1976\/revisions"}],"predecessor-version":[{"id":10571,"href":"https:\/\/evocagroupna.com\/fr\/wp-json\/wp\/v2\/pages\/1976\/revisions\/10571"}],"wp:attachment":[{"href":"https:\/\/evocagroupna.com\/fr\/wp-json\/wp\/v2\/media?parent=1976"}],"curies":[{"name":"wp","href":"https:\/\/api.w.org\/{rel}","templated":true}]}}