{"id":3948,"date":"2022-09-08T11:54:08","date_gmt":"2022-09-08T15:54:08","guid":{"rendered":"https:\/\/evocagroupna.com\/blogue\/"},"modified":"2025-11-07T14:54:57","modified_gmt":"2025-11-07T18:54:57","slug":"blogue","status":"publish","type":"page","link":"https:\/\/evocagroupna.com\/fr\/blogue\/","title":{"rendered":"Blogue"},"content":{"rendered":"\t\t<div data-elementor-type=\"wp-page\" data-elementor-id=\"3948\" class=\"elementor elementor-3948 elementor-1477\" data-elementor-post-type=\"page\">\n\t\t\t\t\t\t<section class=\"elementor-section elementor-top-section elementor-element elementor-element-db0c120 elementor-section-boxed elementor-section-height-default elementor-section-height-default\" data-id=\"db0c120\" data-element_type=\"section\">\n\t\t\t\t\t\t<div class=\"elementor-container elementor-column-gap-no\">\n\t\t\t\t\t<div class=\"elementor-column elementor-col-100 elementor-top-column elementor-element elementor-element-55efff5\" data-id=\"55efff5\" data-element_type=\"column\">\n\t\t\t<div class=\"elementor-widget-wrap elementor-element-populated\">\n\t\t\t\t\t\t<div class=\"elementor-element elementor-element-0b793a0 elementor-widget elementor-widget-heading\" data-id=\"0b793a0\" data-element_type=\"widget\" data-widget_type=\"heading.default\">\n\t\t\t\t<div class=\"elementor-widget-container\">\n\t\t\t\t\t<h1 class=\"elementor-heading-title elementor-size-default\">Blogue<\/h1>\t\t\t\t<\/div>\n\t\t\t\t<\/div>\n\t\t\t\t<section class=\"elementor-section elementor-inner-section elementor-element elementor-element-2e380cb elementor-section-boxed elementor-section-height-default elementor-section-height-default\" data-id=\"2e380cb\" data-element_type=\"section\">\n\t\t\t\t\t\t<div class=\"elementor-container elementor-column-gap-no\">\n\t\t\t\t\t<div class=\"elementor-column elementor-col-100 elementor-inner-column elementor-element elementor-element-214bcce\" data-id=\"214bcce\" data-element_type=\"column\">\n\t\t\t<div class=\"elementor-widget-wrap elementor-element-populated\">\n\t\t\t\t\t\t<div class=\"elementor-element elementor-element-0bc01ce elementor-widget__width-auto elementor-widget elementor-widget-button\" data-id=\"0bc01ce\" data-element_type=\"widget\" data-widget_type=\"button.default\">\n\t\t\t\t<div class=\"elementor-widget-container\">\n\t\t\t\t\t\t\t\t\t<div class=\"elementor-button-wrapper\">\n\t\t\t\t\t<a class=\"elementor-button elementor-button-link elementor-size-sm\" href=\"\/fr\/blogue\/\">\n\t\t\t\t\t\t<span class=\"elementor-button-content-wrapper\">\n\t\t\t\t\t\t\t\t\t<span class=\"elementor-button-text\">Tous<\/span>\n\t\t\t\t\t<\/span>\n\t\t\t\t\t<\/a>\n\t\t\t\t<\/div>\n\t\t\t\t\t\t\t\t<\/div>\n\t\t\t\t<\/div>\n\t\t\t\t<div class=\"elementor-element elementor-element-9455588 elementor-widget__width-auto elementor-hidden-desktop elementor-hidden-tablet elementor-hidden-mobile elementor-widget elementor-widget-wp-widget-categories\" data-id=\"9455588\" data-element_type=\"widget\" data-widget_type=\"wp-widget-categories.default\">\n\t\t\t\t<div class=\"elementor-widget-container\">\n\t\t\t\t\t<h5>Cat\u00e9gories<\/h5>\n\t\t\t<ul>\n\t\t\t\t\t<li class=\"cat-item cat-item-153\"><a href=\"https:\/\/evocagroupna.com\/fr\/category\/general\/\">G\u00e9n\u00e9ral<\/a>\n<\/li>\n\t<li class=\"cat-item cat-item-138\"><a href=\"https:\/\/evocagroupna.com\/fr\/category\/nouvelles\/\">Nouvelles<\/a>\n<\/li>\n\t\t\t<\/ul>\n\n\t\t\t\t\t\t\t<\/div>\n\t\t\t\t<\/div>\n\t\t\t\t\t<\/div>\n\t\t<\/div>\n\t\t\t\t\t<\/div>\n\t\t<\/section>\n\t\t\t\t<div class=\"elementor-element elementor-element-c86deb8 elementor-grid-tablet-1 elementor-posts--thumbnail-top elementor-grid-3 elementor-grid-mobile-1 elementor-widget elementor-widget-posts\" data-id=\"c86deb8\" data-element_type=\"widget\" data-settings=\"{&quot;custom_row_gap&quot;:{&quot;unit&quot;:&quot;px&quot;,&quot;size&quot;:50,&quot;sizes&quot;:[]},&quot;custom_columns_tablet&quot;:&quot;1&quot;,&quot;custom_row_gap_tablet&quot;:{&quot;unit&quot;:&quot;px&quot;,&quot;size&quot;:40,&quot;sizes&quot;:[]},&quot;custom_columns&quot;:&quot;3&quot;,&quot;custom_columns_mobile&quot;:&quot;1&quot;,&quot;custom_row_gap_mobile&quot;:{&quot;unit&quot;:&quot;px&quot;,&quot;size&quot;:&quot;&quot;,&quot;sizes&quot;:[]}}\" data-widget_type=\"posts.custom\">\n\t\t\t\t<div class=\"elementor-widget-container\">\n\t\t\t\t\t      <div class=\"ecs-posts elementor-posts-container elementor-posts   elementor-grid elementor-posts--skin-custom\" data-settings=\"{&quot;current_page&quot;:1,&quot;max_num_pages&quot;:1,&quot;load_method&quot;:&quot;prev_next&quot;,&quot;widget_id&quot;:&quot;c86deb8&quot;,&quot;post_id&quot;:3948,&quot;theme_id&quot;:3948,&quot;change_url&quot;:&quot;&quot;,&quot;reinit_js&quot;:false}\">\n      \t\t<article id=\"post-15620\" class=\"elementor-post elementor-grid-item ecs-post-loop post-15620 post type-post status-publish format-standard has-post-thumbnail hentry category-news category-non-classe\">\n\t\t\t\t<div data-elementor-type=\"loop\" data-elementor-id=\"14190\" class=\"elementor elementor-14190 elementor-695 post-15620 post type-post status-publish format-standard has-post-thumbnail hentry category-news category-non-classe\" data-elementor-post-type=\"elementor_library\">\n\t\t\t\t\t<section class=\"elementor-section elementor-top-section elementor-element elementor-element-124fbed elementor-section-boxed elementor-section-height-default elementor-section-height-default\" data-id=\"124fbed\" data-element_type=\"section\">\n\t\t\t\t\t\t<div class=\"elementor-container elementor-column-gap-no\">\n\t\t\t\t\t<div class=\"make-column-clickable-elementor elementor-column elementor-col-100 elementor-top-column elementor-element elementor-element-0d9978b\" style=\"cursor: pointer;\" data-column-clickable=\"https:\/\/evocagroupna.com\/fr\/2025\/07\/04\/sophia\/\" data-column-clickable-blank=\"_self\" data-id=\"0d9978b\" data-element_type=\"column\">\n\t\t\t<div class=\"elementor-widget-wrap elementor-element-populated\">\n\t\t\t\t\t\t<section class=\"elementor-section elementor-inner-section elementor-element elementor-element-ebaca06 elementor-section-boxed elementor-section-height-default elementor-section-height-default\" data-id=\"ebaca06\" data-element_type=\"section\">\n\t\t\t\t\t\t<div class=\"elementor-container elementor-column-gap-no\">\n\t\t\t\t\t<div class=\"elementor-column elementor-col-100 elementor-inner-column elementor-element elementor-element-1390ed8\" data-id=\"1390ed8\" data-element_type=\"column\">\n\t\t\t<div class=\"elementor-widget-wrap elementor-element-populated\">\n\t\t\t\t\t\t<div class=\"elementor-element elementor-element-fb2e175 elementor-widget elementor-widget-image\" data-id=\"fb2e175\" data-element_type=\"widget\" data-widget_type=\"image.default\">\n\t\t\t\t<div class=\"elementor-widget-container\">\n\t\t\t\t\t\t\t\t\t\t\t\t\t\t\t<img fetchpriority=\"high\" decoding=\"async\" width=\"1024\" height=\"666\" src=\"https:\/\/evocagroupna.com\/wp-content\/uploads\/2025\/06\/Sophia-1024x666.jpg\" class=\"attachment-large size-large wp-image-15321\" alt=\"\" srcset=\"https:\/\/evocagroupna.com\/wp-content\/uploads\/2025\/06\/Sophia-1024x666.jpg 1024w, https:\/\/evocagroupna.com\/wp-content\/uploads\/2025\/06\/Sophia-300x195.jpg 300w, https:\/\/evocagroupna.com\/wp-content\/uploads\/2025\/06\/Sophia-768x499.jpg 768w, https:\/\/evocagroupna.com\/wp-content\/uploads\/2025\/06\/Sophia-1536x998.jpg 1536w\" sizes=\"(max-width: 1024px) 100vw, 1024px\" \/>\t\t\t\t\t\t\t\t\t\t\t\t\t\t\t<\/div>\n\t\t\t\t<\/div>\n\t\t\t\t<div class=\"elementor-element elementor-element-ee46ed0 elementor-widget elementor-widget-text-editor\" data-id=\"ee46ed0\" data-element_type=\"widget\" data-widget_type=\"text-editor.default\">\n\t\t\t\t<div class=\"elementor-widget-container\">\n\t\t\t\t\t\t\t\t\t<p>Explorez l\u2019\u00e9volution de l\u2019Internet des Objets \u00e0 travers les innovations d\u2019Evoca et sa plateforme Sophia, qui transforme les machines \u00e0 caf\u00e9 en v\u00e9ritables outils intelligents, s\u00e9curis\u00e9s et ax\u00e9s sur les donn\u00e9es.<\/p>\n\t\t\t\t\t\t\t\t<\/div>\n\t\t\t\t<\/div>\n\t\t\t\t\t<\/div>\n\t\t<\/div>\n\t\t\t\t\t<\/div>\n\t\t<\/section>\n\t\t\t\t<div class=\"elementor-element elementor-element-7e1ca26 elementor-widget elementor-widget-heading\" data-id=\"7e1ca26\" data-element_type=\"widget\" data-widget_type=\"heading.default\">\n\t\t\t\t<div class=\"elementor-widget-container\">\n\t\t\t\t\t<h3 class=\"elementor-heading-title elementor-size-default\">R\u00e9inventer le caf\u00e9 gr\u00e2ce \u00e0 la puissance de l\u2019Internet des Objets (IdO)<\/h3>\t\t\t\t<\/div>\n\t\t\t\t<\/div>\n\t\t\t\t\t<\/div>\n\t\t<\/div>\n\t\t\t\t\t<\/div>\n\t\t<\/section>\n\t\t\t\t<\/div>\n\t\t\t\t<\/article>\n\t\t\t\t<article id=\"post-16290\" class=\"elementor-post elementor-grid-item ecs-post-loop post-16290 post type-post status-publish format-standard has-post-thumbnail hentry category-general category-non-classe tag-automne tag-cafe tag-personnalisation tag-pumpkin-spice tag-saison tag-trend\">\n\t\t\t\t<div data-elementor-type=\"loop\" data-elementor-id=\"14190\" class=\"elementor elementor-14190 elementor-695 post-16290 post type-post status-publish format-standard has-post-thumbnail hentry category-general category-non-classe tag-automne tag-cafe tag-personnalisation tag-pumpkin-spice tag-saison tag-trend\" data-elementor-post-type=\"elementor_library\">\n\t\t\t\t\t<section class=\"elementor-section elementor-top-section elementor-element elementor-element-124fbed elementor-section-boxed elementor-section-height-default elementor-section-height-default\" data-id=\"124fbed\" data-element_type=\"section\">\n\t\t\t\t\t\t<div class=\"elementor-container elementor-column-gap-no\">\n\t\t\t\t\t<div class=\"make-column-clickable-elementor elementor-column elementor-col-100 elementor-top-column elementor-element elementor-element-0d9978b\" style=\"cursor: pointer;\" data-column-clickable=\"https:\/\/evocagroupna.com\/fr\/2025\/10\/15\/servir-linstant-present\/\" data-column-clickable-blank=\"_self\" data-id=\"0d9978b\" data-element_type=\"column\">\n\t\t\t<div class=\"elementor-widget-wrap elementor-element-populated\">\n\t\t\t\t\t\t<section class=\"elementor-section elementor-inner-section elementor-element elementor-element-ebaca06 elementor-section-boxed elementor-section-height-default elementor-section-height-default\" data-id=\"ebaca06\" data-element_type=\"section\">\n\t\t\t\t\t\t<div class=\"elementor-container elementor-column-gap-no\">\n\t\t\t\t\t<div class=\"elementor-column elementor-col-100 elementor-inner-column elementor-element elementor-element-1390ed8\" data-id=\"1390ed8\" data-element_type=\"column\">\n\t\t\t<div class=\"elementor-widget-wrap elementor-element-populated\">\n\t\t\t\t\t\t<div class=\"elementor-element elementor-element-fb2e175 elementor-widget elementor-widget-image\" data-id=\"fb2e175\" data-element_type=\"widget\" data-widget_type=\"image.default\">\n\t\t\t\t<div class=\"elementor-widget-container\">\n\t\t\t\t\t\t\t\t\t\t\t\t\t\t\t<img decoding=\"async\" width=\"1024\" height=\"664\" src=\"https:\/\/evocagroupna.com\/wp-content\/uploads\/2025\/10\/VisuelBloque_Saison-1024x664.jpg\" class=\"attachment-large size-large wp-image-16314\" alt=\"\" srcset=\"https:\/\/evocagroupna.com\/wp-content\/uploads\/2025\/10\/VisuelBloque_Saison-1024x664.jpg 1024w, https:\/\/evocagroupna.com\/wp-content\/uploads\/2025\/10\/VisuelBloque_Saison-300x195.jpg 300w, https:\/\/evocagroupna.com\/wp-content\/uploads\/2025\/10\/VisuelBloque_Saison-768x498.jpg 768w, https:\/\/evocagroupna.com\/wp-content\/uploads\/2025\/10\/VisuelBloque_Saison-1536x996.jpg 1536w, https:\/\/evocagroupna.com\/wp-content\/uploads\/2025\/10\/VisuelBloque_Saison-2048x1328.jpg 2048w\" sizes=\"(max-width: 1024px) 100vw, 1024px\" \/>\t\t\t\t\t\t\t\t\t\t\t\t\t\t\t<\/div>\n\t\t\t\t<\/div>\n\t\t\t\t<div class=\"elementor-element elementor-element-ee46ed0 elementor-widget elementor-widget-text-editor\" data-id=\"ee46ed0\" data-element_type=\"widget\" data-widget_type=\"text-editor.default\">\n\t\t\t\t<div class=\"elementor-widget-container\">\n\t\t\t\t\t\t\t\t\t<p>Oubliez le simple concept de servir du caf\u00e9 : il est temps d\u2019offrir des possibilit\u00e9s. Des choix bas\u00e9s sur l&rsquo;humeur \u00e0 ceux ax\u00e9s sur le bien-\u00eatre et l&rsquo;expression de soi, les consommateurs de caf\u00e9 d&rsquo;aujourd&rsquo;hui veulent plus que de la caf\u00e9ine. D\u00e9couvrez comment les marques peuvent saisir l&rsquo;instant pr\u00e9sent et transformer chaque gorg\u00e9e en une exp\u00e9rience m\u00e9morable.<\/p>\n\t\t\t\t\t\t\t\t<\/div>\n\t\t\t\t<\/div>\n\t\t\t\t\t<\/div>\n\t\t<\/div>\n\t\t\t\t\t<\/div>\n\t\t<\/section>\n\t\t\t\t<div class=\"elementor-element elementor-element-7e1ca26 elementor-widget elementor-widget-heading\" data-id=\"7e1ca26\" data-element_type=\"widget\" data-widget_type=\"heading.default\">\n\t\t\t\t<div class=\"elementor-widget-container\">\n\t\t\t\t\t<h3 class=\"elementor-heading-title elementor-size-default\">Ce que le \u00ab Pumpkin Spice \u00bb nous r\u00e9v\u00e8le sur l\u2019avenir du caf\u00e9<\/h3>\t\t\t\t<\/div>\n\t\t\t\t<\/div>\n\t\t\t\t\t<\/div>\n\t\t<\/div>\n\t\t\t\t\t<\/div>\n\t\t<\/section>\n\t\t\t\t<\/div>\n\t\t\t\t<\/article>\n\t\t\t\t<\/div>\n\t\t\t\t\t\t<\/div>\n\t\t\t\t<\/div>\n\t\t\t\t<div class=\"elementor-element elementor-element-2ce5abe elementor-widget elementor-widget-infinite-scroll-elementor-widget\" data-id=\"2ce5abe\" data-element_type=\"widget\" data-settings=\"{&quot;ISE_register&quot;:&quot;yes&quot;}\" data-widget_type=\"infinite-scroll-elementor-widget.default\">\n\t\t\t\t<div class=\"elementor-widget-container\">\n\t\t\t\t\t<style>\n\t.page-load-status {\n\t\tdisplay: none;\n\t\t\/* hidden by default *\/\n\t}\n\n\t.loader-ellips {\n\t\tfont-size: 12px;\n\t\t\/* change size here *\/\n\t\tposition: relative;\n\t\twidth: 4em;\n\t\theight: 1em;\n\t\tmargin: 10px auto;\n\t}\n\n\t.loader-ellips__dot {\n\t\tdisplay: block;\n\t\twidth: 1em;\n\t\theight: 1em;\n\t\tborder-radius: 0.5em;\n\t\tposition: absolute;\n\t\tanimation-duration: 0.5s;\n\t\tanimation-timing-function: ease;\n\t\tanimation-iteration-count: infinite;\n\t}\n\n\t.loader-ellips__dot:nth-child(1),\n\t.loader-ellips__dot:nth-child(2) {\n\t\tleft: 0;\n\t}\n\n\t.loader-ellips__dot:nth-child(3) {\n\t\tleft: 1.5em;\n\t}\n\n\t.loader-ellips__dot:nth-child(4) {\n\t\tleft: 3em;\n\t}\n\n\t@keyframes reveal {\n\t\tfrom {\n\t\t\ttransform: scale(0.001);\n\t\t}\n\n\t\tto {\n\t\t\ttransform: scale(1);\n\t\t}\n\t}\n\n\t@keyframes slide {\n\t\tto {\n\t\t\ttransform: translateX(1.5em)\n\t\t}\n\t}\n\n\t.loader-ellips__dot:nth-child(1) {\n\t\tanimation-name: reveal;\n\t}\n\n\t.loader-ellips__dot:nth-child(2),\n\t.loader-ellips__dot:nth-child(3) {\n\t\tanimation-name: slide;\n\t}\n\n\t.loader-ellips__dot:nth-child(4) {\n\t\tanimation-name: reveal;\n\t\tanimation-direction: reverse;\n\t}\n<\/style>\n\n<div class=\"page-load-status ise-2ce5abe\">\n\t<div class=\"loader-ellips infinite-scroll-request\">\n\t\t<span class=\"loader-ellips__dot\"><\/span>\n\t\t<span class=\"loader-ellips__dot\"><\/span>\n\t\t<span class=\"loader-ellips__dot\"><\/span>\n\t\t<span class=\"loader-ellips__dot\"><\/span>\n\t<\/div>\n\t<p class=\"infinite-scroll-last\">You have made it till the end!<\/p>\n\t<p class=\"infinite-scroll-error\">No post here!<\/p>\n<\/div>\n\n\n<script type=\"text\/javascript\">\n\tfunction deferISE(method) {\n\t\tif (window.jQuery) {\n\t\t\tmethod();\n\t\t} else {\n\t\t\tsetTimeout(function() {\n\t\t\t\tdeferISE(method)\n\t\t\t}, 50);\n\t\t}\n\t}\n\n\tdeferISE(function() {\n\t\tjQuery(document).ready(function($) {\n\n\t\t\tfunction addFitHeightClass(target) {\n\t\t\t\t\t\t\t}\n\t\t\taddFitHeightClass();\n\n\t\t\tconst observer = new MutationObserver(mutations => {\n\t\t\t\tmutations.forEach(mutation => {\n\t\t\t\t\tmutation.addedNodes.forEach(node => {\n\t\t\t\t\t\t\t\t\t\t\t});\n\t\t\t\t});\n\t\t\t});\n\t\t\tobserver.observe(document.body, {\n\t\t\t\tchildList: true,\n\t\t\t\tsubtree: true\n\t\t\t});\n\n\t\t\t$('div.elementor-posts-container')\n\t\t\t\t.infiniteScroll({\n\t\t\t\t\tpath: 'a.page-numbers.next',\n\t\t\t\t\tappend: 'article.elementor-post',\n\t\t\t\t\thideNav: 'nav.elementor-pagination',\n\t\t\t\t\tstatus: '.page-load-status.ise-2ce5abe',\n          scrollThreshold: 400,\n    elementScroll: false,\n    history: 'replace',\n    historyTitle: true,\n\t\t\t\t});\n\t\t});\n\t});\n<\/script>\n\n\t\t\t\t<\/div>\n\t\t\t\t<\/div>\n\t\t\t\t\t<\/div>\n\t\t<\/div>\n\t\t\t\t\t<\/div>\n\t\t<\/section>\n\t\t\t\t<\/div>\n\t\t","protected":false},"excerpt":{"rendered":"<p>Blogue Tous You have made it till the end! No post here!<\/p>\n","protected":false},"author":5,"featured_media":0,"parent":0,"menu_order":0,"comment_status":"closed","ping_status":"closed","template":"","meta":{"_acf_changed":false,"content-type":"","inline_featured_image":false,"footnotes":""},"class_list":["post-3948","page","type-page","status-publish","hentry"],"acf":[],"yoast_head":"<!-- This site is optimized with the Yoast SEO plugin v25.8 - https:\/\/yoast.com\/wordpress\/plugins\/seo\/ -->\n<title>Blogue - Evoca North America<\/title>\n<meta name=\"robots\" content=\"noindex, follow\" \/>\n<meta property=\"og:locale\" content=\"fr_FR\" \/>\n<meta property=\"og:type\" content=\"article\" \/>\n<meta property=\"og:title\" content=\"Blogue - Evoca North America\" \/>\n<meta property=\"og:description\" content=\"Blogue Tous You have made it till the end! No post here!\" \/>\n<meta property=\"og:url\" content=\"https:\/\/evocagroupna.com\/fr\/blogue\/\" \/>\n<meta property=\"og:site_name\" content=\"Evoca North America\" \/>\n<meta property=\"article:modified_time\" content=\"2025-11-07T18:54:57+00:00\" \/>\n<meta name=\"twitter:card\" content=\"summary_large_image\" \/>\n<meta name=\"twitter:label1\" content=\"Dur\u00e9e de lecture estim\u00e9e\" \/>\n\t<meta name=\"twitter:data1\" content=\"3 minutes\" \/>\n<script type=\"application\/ld+json\" class=\"yoast-schema-graph\">{\"@context\":\"https:\/\/schema.org\",\"@graph\":[{\"@type\":\"WebPage\",\"@id\":\"https:\/\/evocagroupna.com\/fr\/blogue\/\",\"url\":\"https:\/\/evocagroupna.com\/fr\/blogue\/\",\"name\":\"Blogue - Evoca North America\",\"isPartOf\":{\"@id\":\"https:\/\/evocagroupna.com\/fr\/#website\"},\"datePublished\":\"2022-09-08T15:54:08+00:00\",\"dateModified\":\"2025-11-07T18:54:57+00:00\",\"breadcrumb\":{\"@id\":\"https:\/\/evocagroupna.com\/fr\/blogue\/#breadcrumb\"},\"inLanguage\":\"fr-FR\",\"potentialAction\":[{\"@type\":\"ReadAction\",\"target\":[\"https:\/\/evocagroupna.com\/fr\/blogue\/\"]}]},{\"@type\":\"BreadcrumbList\",\"@id\":\"https:\/\/evocagroupna.com\/fr\/blogue\/#breadcrumb\",\"itemListElement\":[{\"@type\":\"ListItem\",\"position\":1,\"name\":\"Home\",\"item\":\"https:\/\/evocagroupna.com\/fr\/\"},{\"@type\":\"ListItem\",\"position\":2,\"name\":\"Blogue\"}]},{\"@type\":\"WebSite\",\"@id\":\"https:\/\/evocagroupna.com\/fr\/#website\",\"url\":\"https:\/\/evocagroupna.com\/fr\/\",\"name\":\"Evoca North America\",\"description\":\"Un site utilisant WordPress\",\"publisher\":{\"@id\":\"https:\/\/evocagroupna.com\/fr\/#organization\"},\"potentialAction\":[{\"@type\":\"SearchAction\",\"target\":{\"@type\":\"EntryPoint\",\"urlTemplate\":\"https:\/\/evocagroupna.com\/fr\/?s={search_term_string}\"},\"query-input\":{\"@type\":\"PropertyValueSpecification\",\"valueRequired\":true,\"valueName\":\"search_term_string\"}}],\"inLanguage\":\"fr-FR\"},{\"@type\":\"Organization\",\"@id\":\"https:\/\/evocagroupna.com\/fr\/#organization\",\"name\":\"Evoca North America\",\"url\":\"https:\/\/evocagroupna.com\/fr\/\",\"logo\":{\"@type\":\"ImageObject\",\"inLanguage\":\"fr-FR\",\"@id\":\"https:\/\/evocagroupna.com\/fr\/#\/schema\/logo\/image\/\",\"url\":\"https:\/\/evocagroupna.com\/wp-content\/uploads\/2024\/03\/EVOCA-NA_Carre_Couleur_RGB-2.png\",\"contentUrl\":\"https:\/\/evocagroupna.com\/wp-content\/uploads\/2024\/03\/EVOCA-NA_Carre_Couleur_RGB-2.png\",\"width\":1785,\"height\":1062,\"caption\":\"Evoca North America\"},\"image\":{\"@id\":\"https:\/\/evocagroupna.com\/fr\/#\/schema\/logo\/image\/\"}}]}<\/script>\n<!-- \/ Yoast SEO plugin. -->","yoast_head_json":{"title":"Blogue - Evoca North America","robots":{"index":"noindex","follow":"follow"},"og_locale":"fr_FR","og_type":"article","og_title":"Blogue - Evoca North America","og_description":"Blogue Tous You have made it till the end! No post here!","og_url":"https:\/\/evocagroupna.com\/fr\/blogue\/","og_site_name":"Evoca North America","article_modified_time":"2025-11-07T18:54:57+00:00","twitter_card":"summary_large_image","twitter_misc":{"Dur\u00e9e de lecture estim\u00e9e":"3 minutes"},"schema":{"@context":"https:\/\/schema.org","@graph":[{"@type":"WebPage","@id":"https:\/\/evocagroupna.com\/fr\/blogue\/","url":"https:\/\/evocagroupna.com\/fr\/blogue\/","name":"Blogue - Evoca North America","isPartOf":{"@id":"https:\/\/evocagroupna.com\/fr\/#website"},"datePublished":"2022-09-08T15:54:08+00:00","dateModified":"2025-11-07T18:54:57+00:00","breadcrumb":{"@id":"https:\/\/evocagroupna.com\/fr\/blogue\/#breadcrumb"},"inLanguage":"fr-FR","potentialAction":[{"@type":"ReadAction","target":["https:\/\/evocagroupna.com\/fr\/blogue\/"]}]},{"@type":"BreadcrumbList","@id":"https:\/\/evocagroupna.com\/fr\/blogue\/#breadcrumb","itemListElement":[{"@type":"ListItem","position":1,"name":"Home","item":"https:\/\/evocagroupna.com\/fr\/"},{"@type":"ListItem","position":2,"name":"Blogue"}]},{"@type":"WebSite","@id":"https:\/\/evocagroupna.com\/fr\/#website","url":"https:\/\/evocagroupna.com\/fr\/","name":"Evoca North America","description":"Un site utilisant WordPress","publisher":{"@id":"https:\/\/evocagroupna.com\/fr\/#organization"},"potentialAction":[{"@type":"SearchAction","target":{"@type":"EntryPoint","urlTemplate":"https:\/\/evocagroupna.com\/fr\/?s={search_term_string}"},"query-input":{"@type":"PropertyValueSpecification","valueRequired":true,"valueName":"search_term_string"}}],"inLanguage":"fr-FR"},{"@type":"Organization","@id":"https:\/\/evocagroupna.com\/fr\/#organization","name":"Evoca North America","url":"https:\/\/evocagroupna.com\/fr\/","logo":{"@type":"ImageObject","inLanguage":"fr-FR","@id":"https:\/\/evocagroupna.com\/fr\/#\/schema\/logo\/image\/","url":"https:\/\/evocagroupna.com\/wp-content\/uploads\/2024\/03\/EVOCA-NA_Carre_Couleur_RGB-2.png","contentUrl":"https:\/\/evocagroupna.com\/wp-content\/uploads\/2024\/03\/EVOCA-NA_Carre_Couleur_RGB-2.png","width":1785,"height":1062,"caption":"Evoca North America"},"image":{"@id":"https:\/\/evocagroupna.com\/fr\/#\/schema\/logo\/image\/"}}]}},"_links":{"self":[{"href":"https:\/\/evocagroupna.com\/fr\/wp-json\/wp\/v2\/pages\/3948","targetHints":{"allow":["GET"]}}],"collection":[{"href":"https:\/\/evocagroupna.com\/fr\/wp-json\/wp\/v2\/pages"}],"about":[{"href":"https:\/\/evocagroupna.com\/fr\/wp-json\/wp\/v2\/types\/page"}],"author":[{"embeddable":true,"href":"https:\/\/evocagroupna.com\/fr\/wp-json\/wp\/v2\/users\/5"}],"replies":[{"embeddable":true,"href":"https:\/\/evocagroupna.com\/fr\/wp-json\/wp\/v2\/comments?post=3948"}],"version-history":[{"count":9,"href":"https:\/\/evocagroupna.com\/fr\/wp-json\/wp\/v2\/pages\/3948\/revisions"}],"predecessor-version":[{"id":16349,"href":"https:\/\/evocagroupna.com\/fr\/wp-json\/wp\/v2\/pages\/3948\/revisions\/16349"}],"wp:attachment":[{"href":"https:\/\/evocagroupna.com\/fr\/wp-json\/wp\/v2\/media?parent=3948"}],"curies":[{"name":"wp","href":"https:\/\/api.w.org\/{rel}","templated":true}]}}