{"id":3959,"date":"2022-09-01T11:54:35","date_gmt":"2022-09-01T15:54:35","guid":{"rendered":"https:\/\/evocagroupna.com\/solutions-en-ligne\/"},"modified":"2024-04-15T15:08:19","modified_gmt":"2024-04-15T19:08:19","slug":"solutions-en-ligne","status":"publish","type":"page","link":"https:\/\/evocagroupna.com\/fr\/solutions-en-ligne\/","title":{"rendered":"Solutions en ligne"},"content":{"rendered":"\t\t<div data-elementor-type=\"wp-page\" data-elementor-id=\"3959\" class=\"elementor elementor-3959 elementor-885\" data-elementor-post-type=\"page\">\n\t\t\t\t\t\t<section class=\"elementor-section elementor-top-section elementor-element elementor-element-dd5d9e9 elementor-section-height-min-height elementor-section-items-stretch elementor-section-boxed elementor-section-height-default\" data-id=\"dd5d9e9\" data-element_type=\"section\">\n\t\t\t\t\t\t<div class=\"elementor-container elementor-column-gap-no\">\n\t\t\t\t\t<div class=\"elementor-column elementor-col-100 elementor-top-column elementor-element elementor-element-74f1a26\" data-id=\"74f1a26\" data-element_type=\"column\" data-settings=\"{&quot;background_background&quot;:&quot;classic&quot;}\">\n\t\t\t<div class=\"elementor-widget-wrap elementor-element-populated\">\n\t\t\t\t\t\t<div class=\"elementor-element elementor-element-024e6ef elementor-widget elementor-widget-heading\" data-id=\"024e6ef\" data-element_type=\"widget\" data-widget_type=\"heading.default\">\n\t\t\t\t<div class=\"elementor-widget-container\">\n\t\t\t\t\t<h1 class=\"elementor-heading-title elementor-size-default\">solutions en ligne<\/h1>\t\t\t\t<\/div>\n\t\t\t\t<\/div>\n\t\t\t\t<section class=\"elementor-section elementor-inner-section elementor-element elementor-element-cc1478e elementor-section-boxed elementor-section-height-default elementor-section-height-default\" data-id=\"cc1478e\" data-element_type=\"section\">\n\t\t\t\t\t\t<div class=\"elementor-container elementor-column-gap-no\">\n\t\t\t\t\t<div class=\"elementor-column elementor-col-33 elementor-inner-column elementor-element elementor-element-7665bc6\" data-id=\"7665bc6\" data-element_type=\"column\">\n\t\t\t<div class=\"elementor-widget-wrap elementor-element-populated\">\n\t\t\t\t\t\t<div class=\"elementor-element elementor-element-1a44a54 elementor-widget elementor-widget-image\" data-id=\"1a44a54\" data-element_type=\"widget\" data-widget_type=\"image.default\">\n\t\t\t\t<div class=\"elementor-widget-container\">\n\t\t\t\t\t\t\t\t\t\t\t\t\t\t\t<img fetchpriority=\"high\" decoding=\"async\" width=\"556\" height=\"172\" src=\"https:\/\/evocagroupna.com\/wp-content\/uploads\/2022\/09\/online-solutions_sophia_v4.png\" class=\"attachment-large size-large wp-image-3918\" alt=\"\" srcset=\"https:\/\/evocagroupna.com\/wp-content\/uploads\/2022\/09\/online-solutions_sophia_v4.png 556w, https:\/\/evocagroupna.com\/wp-content\/uploads\/2022\/09\/online-solutions_sophia_v4-300x93.png 300w\" sizes=\"(max-width: 556px) 100vw, 556px\" \/>\t\t\t\t\t\t\t\t\t\t\t\t\t\t\t<\/div>\n\t\t\t\t<\/div>\n\t\t\t\t<div class=\"elementor-element elementor-element-0d70a2f elementor-widget elementor-widget-text-editor\" data-id=\"0d70a2f\" data-element_type=\"widget\" data-widget_type=\"text-editor.default\">\n\t\t\t\t<div class=\"elementor-widget-container\">\n\t\t\t\t\t\t\t\t\t<p><span data-sheets-value=\"{&quot;1&quot;:2,&quot;2&quot;:&quot;Restez en tout temps en contr\u00f4le gr\u00e2ce \u00e0 la gestion en ligne de vos machines.&quot;}\" data-sheets-userformat=\"{&quot;2&quot;:15233,&quot;3&quot;:{&quot;1&quot;:0},&quot;10&quot;:1,&quot;11&quot;:4,&quot;12&quot;:0,&quot;14&quot;:{&quot;1&quot;:2,&quot;2&quot;:0},&quot;15&quot;:&quot;Calibri, sans-serif&quot;,&quot;16&quot;:11}\">Restez en tout temps en contr\u00f4le gr\u00e2ce \u00e0 la gestion en ligne de vos machines.<\/span><\/p>\t\t\t\t\t\t\t\t<\/div>\n\t\t\t\t<\/div>\n\t\t\t\t<div class=\"elementor-element elementor-element-b623243 elementor-align-center elementor-widget elementor-widget-button\" data-id=\"b623243\" data-element_type=\"widget\" data-widget_type=\"button.default\">\n\t\t\t\t<div class=\"elementor-widget-container\">\n\t\t\t\t\t\t\t\t\t<div class=\"elementor-button-wrapper\">\n\t\t\t\t\t<a class=\"elementor-button elementor-button-link elementor-size-sm\" href=\"\/fr\/solutions-en-ligne\/sophia-gestion\/\">\n\t\t\t\t\t\t<span class=\"elementor-button-content-wrapper\">\n\t\t\t\t\t\t\t\t\t<span class=\"elementor-button-text\">D\u00e9couvrir Sophia<\/span>\n\t\t\t\t\t<\/span>\n\t\t\t\t\t<\/a>\n\t\t\t\t<\/div>\n\t\t\t\t\t\t\t\t<\/div>\n\t\t\t\t<\/div>\n\t\t\t\t\t<\/div>\n\t\t<\/div>\n\t\t\t\t<div class=\"elementor-column elementor-col-33 elementor-inner-column elementor-element elementor-element-761fd8e\" data-id=\"761fd8e\" data-element_type=\"column\">\n\t\t\t<div class=\"elementor-widget-wrap elementor-element-populated\">\n\t\t\t\t\t\t<div class=\"elementor-element elementor-element-739a46e elementor-widget elementor-widget-image\" data-id=\"739a46e\" data-element_type=\"widget\" data-widget_type=\"image.default\">\n\t\t\t\t<div class=\"elementor-widget-container\">\n\t\t\t\t\t\t\t\t\t\t\t\t\t\t\t<img decoding=\"async\" width=\"556\" height=\"172\" src=\"https:\/\/evocagroupna.com\/wp-content\/uploads\/2022\/09\/online-solutions_sophia-touchless_v3.png\" class=\"attachment-large size-large wp-image-3916\" alt=\"\" srcset=\"https:\/\/evocagroupna.com\/wp-content\/uploads\/2022\/09\/online-solutions_sophia-touchless_v3.png 556w, https:\/\/evocagroupna.com\/wp-content\/uploads\/2022\/09\/online-solutions_sophia-touchless_v3-300x93.png 300w\" sizes=\"(max-width: 556px) 100vw, 556px\" \/>\t\t\t\t\t\t\t\t\t\t\t\t\t\t\t<\/div>\n\t\t\t\t<\/div>\n\t\t\t\t<div class=\"elementor-element elementor-element-acf1819 elementor-widget elementor-widget-text-editor\" data-id=\"acf1819\" data-element_type=\"widget\" data-widget_type=\"text-editor.default\">\n\t\t\t\t<div class=\"elementor-widget-container\">\n\t\t\t\t\t\t\t\t\t<p><span data-sheets-value=\"{&quot;1&quot;:2,&quot;2&quot;:&quot;Soyez s\u00e9curitaires, tout en restant efficaces: commandez sans toucher la machine.&quot;}\" data-sheets-userformat=\"{&quot;2&quot;:15233,&quot;3&quot;:{&quot;1&quot;:0},&quot;10&quot;:1,&quot;11&quot;:4,&quot;12&quot;:0,&quot;14&quot;:{&quot;1&quot;:2,&quot;2&quot;:0},&quot;15&quot;:&quot;Calibri, sans-serif&quot;,&quot;16&quot;:11}\">Soyez s\u00e9curitaires, tout en restant efficaces: commandez sans contact.<\/span><\/p>\t\t\t\t\t\t\t\t<\/div>\n\t\t\t\t<\/div>\n\t\t\t\t<div class=\"elementor-element elementor-element-e40f158 elementor-align-center elementor-widget elementor-widget-button\" data-id=\"e40f158\" data-element_type=\"widget\" data-widget_type=\"button.default\">\n\t\t\t\t<div class=\"elementor-widget-container\">\n\t\t\t\t\t\t\t\t\t<div class=\"elementor-button-wrapper\">\n\t\t\t\t\t<a class=\"elementor-button elementor-button-link elementor-size-sm\" href=\"\/fr\/solutions-en-ligne\/sophia-touchless-solutions\/\">\n\t\t\t\t\t\t<span class=\"elementor-button-content-wrapper\">\n\t\t\t\t\t\t\t\t\t<span class=\"elementor-button-text\">D\u00e9couvrir Sophia Solutions sans contact<\/span>\n\t\t\t\t\t<\/span>\n\t\t\t\t\t<\/a>\n\t\t\t\t<\/div>\n\t\t\t\t\t\t\t\t<\/div>\n\t\t\t\t<\/div>\n\t\t\t\t\t<\/div>\n\t\t<\/div>\n\t\t\t\t<div class=\"elementor-column elementor-col-33 elementor-inner-column elementor-element elementor-element-8a5a111\" data-id=\"8a5a111\" data-element_type=\"column\">\n\t\t\t<div class=\"elementor-widget-wrap elementor-element-populated\">\n\t\t\t\t\t\t<div class=\"elementor-element elementor-element-b50a898 elementor-widget elementor-widget-image\" data-id=\"b50a898\" data-element_type=\"widget\" data-widget_type=\"image.default\">\n\t\t\t\t<div class=\"elementor-widget-container\">\n\t\t\t\t\t\t\t\t\t\t\t\t\t\t\t<img decoding=\"async\" width=\"1\" height=\"1\" src=\"https:\/\/evocagroupna.com\/wp-content\/uploads\/2022\/11\/Logo_API_online-solutions.svg\" class=\"attachment-large size-large wp-image-9005\" alt=\"\" \/>\t\t\t\t\t\t\t\t\t\t\t\t\t\t\t<\/div>\n\t\t\t\t<\/div>\n\t\t\t\t<div class=\"elementor-element elementor-element-7671a2f elementor-widget elementor-widget-text-editor\" data-id=\"7671a2f\" data-element_type=\"widget\" data-widget_type=\"text-editor.default\">\n\t\t\t\t<div class=\"elementor-widget-container\">\n\t\t\t\t\t\t\t\t\t<p><span data-sheets-value=\"{&quot;1&quot;:2,&quot;2&quot;:&quot;Am\u00e9liorez votre productivit\u00e9 au moyen d'un outil adaptatif et connect\u00e9.&quot;}\" data-sheets-userformat=\"{&quot;2&quot;:15233,&quot;3&quot;:{&quot;1&quot;:0},&quot;10&quot;:1,&quot;11&quot;:4,&quot;12&quot;:0,&quot;14&quot;:{&quot;1&quot;:2,&quot;2&quot;:0},&quot;15&quot;:&quot;Calibri, sans-serif&quot;,&quot;16&quot;:11}\">Am\u00e9liorez votre productivit\u00e9 au moyen d&rsquo;un outil adaptatif et connect\u00e9.<\/span><\/p>\t\t\t\t\t\t\t\t<\/div>\n\t\t\t\t<\/div>\n\t\t\t\t<div class=\"elementor-element elementor-element-5db4344 elementor-align-center elementor-widget elementor-widget-button\" data-id=\"5db4344\" data-element_type=\"widget\" data-widget_type=\"button.default\">\n\t\t\t\t<div class=\"elementor-widget-container\">\n\t\t\t\t\t\t\t\t\t<div class=\"elementor-button-wrapper\">\n\t\t\t\t\t<a class=\"elementor-button elementor-button-link elementor-size-sm\" href=\"\/fr\/solutions-en-ligne\/api\/\">\n\t\t\t\t\t\t<span class=\"elementor-button-content-wrapper\">\n\t\t\t\t\t\t\t\t\t<span class=\"elementor-button-text\">D\u00e9couvrir les API<\/span>\n\t\t\t\t\t<\/span>\n\t\t\t\t\t<\/a>\n\t\t\t\t<\/div>\n\t\t\t\t\t\t\t\t<\/div>\n\t\t\t\t<\/div>\n\t\t\t\t\t<\/div>\n\t\t<\/div>\n\t\t\t\t\t<\/div>\n\t\t<\/section>\n\t\t\t\t\t<\/div>\n\t\t<\/div>\n\t\t\t\t\t<\/div>\n\t\t<\/section>\n\t\t\t\t<\/div>\n\t\t","protected":false},"excerpt":{"rendered":"<p>solutions en ligne Restez en tout temps en contr\u00f4le gr\u00e2ce \u00e0 la gestion en ligne de vos machines. D\u00e9couvrir Sophia Soyez s\u00e9curitaires, tout en restant efficaces: commandez sans contact. D\u00e9couvrir Sophia Solutions sans contact Am\u00e9liorez votre productivit\u00e9 au moyen d&rsquo;un outil adaptatif et connect\u00e9. D\u00e9couvrir les API<\/p>\n","protected":false},"author":5,"featured_media":0,"parent":0,"menu_order":0,"comment_status":"closed","ping_status":"closed","template":"","meta":{"_acf_changed":false,"content-type":"","inline_featured_image":false,"footnotes":""},"class_list":["post-3959","page","type-page","status-publish","hentry"],"acf":[],"yoast_head":"<!-- This site is optimized with the Yoast SEO plugin v25.8 - https:\/\/yoast.com\/wordpress\/plugins\/seo\/ -->\n<title>Solutions en ligne - Stay in Control of Your Coffee Stations - Evoca North America<\/title>\n<meta name=\"description\" content=\"Manage remotely your coffee machines. Allow your customers to safely and conveniently order without touching them. Connect your brewers with your own software.\" \/>\n<meta name=\"robots\" content=\"index, follow, max-snippet:-1, max-image-preview:large, max-video-preview:-1\" \/>\n<link rel=\"canonical\" href=\"https:\/\/evocagroupna.com\/fr\/solutions-en-ligne\/\" \/>\n<meta property=\"og:locale\" content=\"fr_FR\" \/>\n<meta property=\"og:type\" content=\"article\" \/>\n<meta property=\"og:title\" content=\"Solutions en ligne - Stay in Control of Your Coffee Stations - Evoca North America\" \/>\n<meta property=\"og:description\" content=\"Manage remotely your coffee machines. Allow your customers to safely and conveniently order without touching them. Connect your brewers with your own software.\" \/>\n<meta property=\"og:url\" content=\"https:\/\/evocagroupna.com\/fr\/solutions-en-ligne\/\" \/>\n<meta property=\"og:site_name\" content=\"Evoca North America\" \/>\n<meta property=\"article:modified_time\" content=\"2024-04-15T19:08:19+00:00\" \/>\n<meta property=\"og:image\" content=\"https:\/\/evocagroupna.com\/wp-content\/uploads\/2022\/09\/online-solutions_sophia_v4.png\" \/>\n<meta name=\"twitter:card\" content=\"summary_large_image\" \/>\n<meta name=\"twitter:label1\" content=\"Dur\u00e9e de lecture estim\u00e9e\" \/>\n\t<meta name=\"twitter:data1\" content=\"1 minute\" \/>\n<script type=\"application\/ld+json\" class=\"yoast-schema-graph\">{\"@context\":\"https:\/\/schema.org\",\"@graph\":[{\"@type\":\"WebPage\",\"@id\":\"https:\/\/evocagroupna.com\/fr\/solutions-en-ligne\/\",\"url\":\"https:\/\/evocagroupna.com\/fr\/solutions-en-ligne\/\",\"name\":\"Solutions en ligne - Stay in Control of Your Coffee Stations - Evoca North America\",\"isPartOf\":{\"@id\":\"https:\/\/evocagroupna.com\/fr\/#website\"},\"primaryImageOfPage\":{\"@id\":\"https:\/\/evocagroupna.com\/fr\/solutions-en-ligne\/#primaryimage\"},\"image\":{\"@id\":\"https:\/\/evocagroupna.com\/fr\/solutions-en-ligne\/#primaryimage\"},\"thumbnailUrl\":\"https:\/\/evocagroupna.com\/wp-content\/uploads\/2022\/09\/online-solutions_sophia_v4.png\",\"datePublished\":\"2022-09-01T15:54:35+00:00\",\"dateModified\":\"2024-04-15T19:08:19+00:00\",\"description\":\"Manage remotely your coffee machines. Allow your customers to safely and conveniently order without touching them. Connect your brewers with your own software.\",\"breadcrumb\":{\"@id\":\"https:\/\/evocagroupna.com\/fr\/solutions-en-ligne\/#breadcrumb\"},\"inLanguage\":\"fr-FR\",\"potentialAction\":[{\"@type\":\"ReadAction\",\"target\":[\"https:\/\/evocagroupna.com\/fr\/solutions-en-ligne\/\"]}]},{\"@type\":\"ImageObject\",\"inLanguage\":\"fr-FR\",\"@id\":\"https:\/\/evocagroupna.com\/fr\/solutions-en-ligne\/#primaryimage\",\"url\":\"https:\/\/evocagroupna.com\/wp-content\/uploads\/2022\/09\/online-solutions_sophia_v4.png\",\"contentUrl\":\"https:\/\/evocagroupna.com\/wp-content\/uploads\/2022\/09\/online-solutions_sophia_v4.png\"},{\"@type\":\"BreadcrumbList\",\"@id\":\"https:\/\/evocagroupna.com\/fr\/solutions-en-ligne\/#breadcrumb\",\"itemListElement\":[{\"@type\":\"ListItem\",\"position\":1,\"name\":\"Home\",\"item\":\"https:\/\/evocagroupna.com\/fr\/\"},{\"@type\":\"ListItem\",\"position\":2,\"name\":\"Solutions en ligne\"}]},{\"@type\":\"WebSite\",\"@id\":\"https:\/\/evocagroupna.com\/fr\/#website\",\"url\":\"https:\/\/evocagroupna.com\/fr\/\",\"name\":\"Evoca North America\",\"description\":\"Un site utilisant WordPress\",\"publisher\":{\"@id\":\"https:\/\/evocagroupna.com\/fr\/#organization\"},\"potentialAction\":[{\"@type\":\"SearchAction\",\"target\":{\"@type\":\"EntryPoint\",\"urlTemplate\":\"https:\/\/evocagroupna.com\/fr\/?s={search_term_string}\"},\"query-input\":{\"@type\":\"PropertyValueSpecification\",\"valueRequired\":true,\"valueName\":\"search_term_string\"}}],\"inLanguage\":\"fr-FR\"},{\"@type\":\"Organization\",\"@id\":\"https:\/\/evocagroupna.com\/fr\/#organization\",\"name\":\"Evoca North America\",\"url\":\"https:\/\/evocagroupna.com\/fr\/\",\"logo\":{\"@type\":\"ImageObject\",\"inLanguage\":\"fr-FR\",\"@id\":\"https:\/\/evocagroupna.com\/fr\/#\/schema\/logo\/image\/\",\"url\":\"https:\/\/evocagroupna.com\/wp-content\/uploads\/2024\/03\/EVOCA-NA_Carre_Couleur_RGB-2.png\",\"contentUrl\":\"https:\/\/evocagroupna.com\/wp-content\/uploads\/2024\/03\/EVOCA-NA_Carre_Couleur_RGB-2.png\",\"width\":1785,\"height\":1062,\"caption\":\"Evoca North America\"},\"image\":{\"@id\":\"https:\/\/evocagroupna.com\/fr\/#\/schema\/logo\/image\/\"}}]}<\/script>\n<!-- \/ Yoast SEO plugin. -->","yoast_head_json":{"title":"Solutions en ligne - Stay in Control of Your Coffee Stations - Evoca North America","description":"Manage remotely your coffee machines. Allow your customers to safely and conveniently order without touching them. Connect your brewers with your own software.","robots":{"index":"index","follow":"follow","max-snippet":"max-snippet:-1","max-image-preview":"max-image-preview:large","max-video-preview":"max-video-preview:-1"},"canonical":"https:\/\/evocagroupna.com\/fr\/solutions-en-ligne\/","og_locale":"fr_FR","og_type":"article","og_title":"Solutions en ligne - Stay in Control of Your Coffee Stations - Evoca North America","og_description":"Manage remotely your coffee machines. Allow your customers to safely and conveniently order without touching them. Connect your brewers with your own software.","og_url":"https:\/\/evocagroupna.com\/fr\/solutions-en-ligne\/","og_site_name":"Evoca North America","article_modified_time":"2024-04-15T19:08:19+00:00","og_image":[{"url":"https:\/\/evocagroupna.com\/wp-content\/uploads\/2022\/09\/online-solutions_sophia_v4.png","type":"","width":"","height":""}],"twitter_card":"summary_large_image","twitter_misc":{"Dur\u00e9e de lecture estim\u00e9e":"1 minute"},"schema":{"@context":"https:\/\/schema.org","@graph":[{"@type":"WebPage","@id":"https:\/\/evocagroupna.com\/fr\/solutions-en-ligne\/","url":"https:\/\/evocagroupna.com\/fr\/solutions-en-ligne\/","name":"Solutions en ligne - Stay in Control of Your Coffee Stations - Evoca North America","isPartOf":{"@id":"https:\/\/evocagroupna.com\/fr\/#website"},"primaryImageOfPage":{"@id":"https:\/\/evocagroupna.com\/fr\/solutions-en-ligne\/#primaryimage"},"image":{"@id":"https:\/\/evocagroupna.com\/fr\/solutions-en-ligne\/#primaryimage"},"thumbnailUrl":"https:\/\/evocagroupna.com\/wp-content\/uploads\/2022\/09\/online-solutions_sophia_v4.png","datePublished":"2022-09-01T15:54:35+00:00","dateModified":"2024-04-15T19:08:19+00:00","description":"Manage remotely your coffee machines. Allow your customers to safely and conveniently order without touching them. Connect your brewers with your own software.","breadcrumb":{"@id":"https:\/\/evocagroupna.com\/fr\/solutions-en-ligne\/#breadcrumb"},"inLanguage":"fr-FR","potentialAction":[{"@type":"ReadAction","target":["https:\/\/evocagroupna.com\/fr\/solutions-en-ligne\/"]}]},{"@type":"ImageObject","inLanguage":"fr-FR","@id":"https:\/\/evocagroupna.com\/fr\/solutions-en-ligne\/#primaryimage","url":"https:\/\/evocagroupna.com\/wp-content\/uploads\/2022\/09\/online-solutions_sophia_v4.png","contentUrl":"https:\/\/evocagroupna.com\/wp-content\/uploads\/2022\/09\/online-solutions_sophia_v4.png"},{"@type":"BreadcrumbList","@id":"https:\/\/evocagroupna.com\/fr\/solutions-en-ligne\/#breadcrumb","itemListElement":[{"@type":"ListItem","position":1,"name":"Home","item":"https:\/\/evocagroupna.com\/fr\/"},{"@type":"ListItem","position":2,"name":"Solutions en ligne"}]},{"@type":"WebSite","@id":"https:\/\/evocagroupna.com\/fr\/#website","url":"https:\/\/evocagroupna.com\/fr\/","name":"Evoca North America","description":"Un site utilisant WordPress","publisher":{"@id":"https:\/\/evocagroupna.com\/fr\/#organization"},"potentialAction":[{"@type":"SearchAction","target":{"@type":"EntryPoint","urlTemplate":"https:\/\/evocagroupna.com\/fr\/?s={search_term_string}"},"query-input":{"@type":"PropertyValueSpecification","valueRequired":true,"valueName":"search_term_string"}}],"inLanguage":"fr-FR"},{"@type":"Organization","@id":"https:\/\/evocagroupna.com\/fr\/#organization","name":"Evoca North America","url":"https:\/\/evocagroupna.com\/fr\/","logo":{"@type":"ImageObject","inLanguage":"fr-FR","@id":"https:\/\/evocagroupna.com\/fr\/#\/schema\/logo\/image\/","url":"https:\/\/evocagroupna.com\/wp-content\/uploads\/2024\/03\/EVOCA-NA_Carre_Couleur_RGB-2.png","contentUrl":"https:\/\/evocagroupna.com\/wp-content\/uploads\/2024\/03\/EVOCA-NA_Carre_Couleur_RGB-2.png","width":1785,"height":1062,"caption":"Evoca North America"},"image":{"@id":"https:\/\/evocagroupna.com\/fr\/#\/schema\/logo\/image\/"}}]}},"_links":{"self":[{"href":"https:\/\/evocagroupna.com\/fr\/wp-json\/wp\/v2\/pages\/3959","targetHints":{"allow":["GET"]}}],"collection":[{"href":"https:\/\/evocagroupna.com\/fr\/wp-json\/wp\/v2\/pages"}],"about":[{"href":"https:\/\/evocagroupna.com\/fr\/wp-json\/wp\/v2\/types\/page"}],"author":[{"embeddable":true,"href":"https:\/\/evocagroupna.com\/fr\/wp-json\/wp\/v2\/users\/5"}],"replies":[{"embeddable":true,"href":"https:\/\/evocagroupna.com\/fr\/wp-json\/wp\/v2\/comments?post=3959"}],"version-history":[{"count":10,"href":"https:\/\/evocagroupna.com\/fr\/wp-json\/wp\/v2\/pages\/3959\/revisions"}],"predecessor-version":[{"id":13021,"href":"https:\/\/evocagroupna.com\/fr\/wp-json\/wp\/v2\/pages\/3959\/revisions\/13021"}],"wp:attachment":[{"href":"https:\/\/evocagroupna.com\/fr\/wp-json\/wp\/v2\/media?parent=3959"}],"curies":[{"name":"wp","href":"https:\/\/api.w.org\/{rel}","templated":true}]}}