{"id":3971,"date":"2022-09-08T11:52:51","date_gmt":"2022-09-08T15:52:51","guid":{"rendered":"https:\/\/evocagroupna.com\/our-brands\/"},"modified":"2024-04-15T15:16:26","modified_gmt":"2024-04-15T19:16:26","slug":"nos-marques","status":"publish","type":"page","link":"https:\/\/evocagroupna.com\/fr\/nos-marques\/","title":{"rendered":"Nos marques"},"content":{"rendered":"\t\t<div data-elementor-type=\"wp-page\" data-elementor-id=\"3971\" class=\"elementor elementor-3971 elementor-1475\" data-elementor-post-type=\"page\">\n\t\t\t\t\t\t<section class=\"elementor-section elementor-top-section elementor-element elementor-element-b716837 elementor-section-height-min-height elementor-section-items-stretch elementor-section-boxed elementor-section-height-default\" data-id=\"b716837\" data-element_type=\"section\">\n\t\t\t\t\t\t<div class=\"elementor-container elementor-column-gap-no\">\n\t\t\t\t\t<div class=\"elementor-column elementor-col-100 elementor-top-column elementor-element elementor-element-dad712a\" data-id=\"dad712a\" data-element_type=\"column\" data-settings=\"{&quot;background_background&quot;:&quot;classic&quot;}\">\n\t\t\t<div class=\"elementor-widget-wrap elementor-element-populated\">\n\t\t\t\t\t\t<div class=\"elementor-element elementor-element-7edf610 elementor-widget elementor-widget-heading\" data-id=\"7edf610\" data-element_type=\"widget\" data-widget_type=\"heading.default\">\n\t\t\t\t<div class=\"elementor-widget-container\">\n\t\t\t\t\t<h1 class=\"elementor-heading-title elementor-size-default\">NOS MARQUES\n<\/h1>\t\t\t\t<\/div>\n\t\t\t\t<\/div>\n\t\t\t\t<section class=\"elementor-section elementor-inner-section elementor-element elementor-element-6db92d9 elementor-section-boxed elementor-section-height-default elementor-section-height-default\" data-id=\"6db92d9\" data-element_type=\"section\">\n\t\t\t\t\t\t<div class=\"elementor-container elementor-column-gap-no\">\n\t\t\t\t\t<div class=\"elementor-column elementor-col-20 elementor-inner-column elementor-element elementor-element-d082378\" data-id=\"d082378\" data-element_type=\"column\">\n\t\t\t<div class=\"elementor-widget-wrap elementor-element-populated\">\n\t\t\t\t\t\t<div class=\"elementor-element elementor-element-7776539 elementor-widget elementor-widget-image\" data-id=\"7776539\" data-element_type=\"widget\" data-widget_type=\"image.default\">\n\t\t\t\t<div class=\"elementor-widget-container\">\n\t\t\t\t\t\t\t\t\t\t\t\t\t\t\t<img fetchpriority=\"high\" decoding=\"async\" width=\"340\" height=\"180\" src=\"https:\/\/evocagroupna.com\/wp-content\/uploads\/2022\/09\/our-brands_cafection.png\" class=\"attachment-large size-large wp-image-2396\" alt=\"\" srcset=\"https:\/\/evocagroupna.com\/wp-content\/uploads\/2022\/09\/our-brands_cafection.png 340w, https:\/\/evocagroupna.com\/wp-content\/uploads\/2022\/09\/our-brands_cafection-300x159.png 300w\" sizes=\"(max-width: 340px) 100vw, 340px\" \/>\t\t\t\t\t\t\t\t\t\t\t\t\t\t\t<\/div>\n\t\t\t\t<\/div>\n\t\t\t\t<div class=\"elementor-element elementor-element-3ade253 elementor-widget elementor-widget-text-editor\" data-id=\"3ade253\" data-element_type=\"widget\" data-widget_type=\"text-editor.default\">\n\t\t\t\t<div class=\"elementor-widget-container\">\n\t\t\t\t\t\t\t\t\t<p>Machines \u00e0 caf\u00e9 du grain \u00e0 la tasse haut de gamme.<\/p>\t\t\t\t\t\t\t\t<\/div>\n\t\t\t\t<\/div>\n\t\t\t\t<div class=\"elementor-element elementor-element-7a0a554 elementor-align-center elementor-widget elementor-widget-button\" data-id=\"7a0a554\" data-element_type=\"widget\" data-widget_type=\"button.default\">\n\t\t\t\t<div class=\"elementor-widget-container\">\n\t\t\t\t\t\t\t\t\t<div class=\"elementor-button-wrapper\">\n\t\t\t\t\t<a class=\"elementor-button elementor-button-link elementor-size-sm\" href=\"\/fr\/nos-marques\/cafection\/\">\n\t\t\t\t\t\t<span class=\"elementor-button-content-wrapper\">\n\t\t\t\t\t\t\t\t\t<span class=\"elementor-button-text\">D\u00e9couvrir Cafection<\/span>\n\t\t\t\t\t<\/span>\n\t\t\t\t\t<\/a>\n\t\t\t\t<\/div>\n\t\t\t\t\t\t\t\t<\/div>\n\t\t\t\t<\/div>\n\t\t\t\t\t<\/div>\n\t\t<\/div>\n\t\t\t\t<div class=\"elementor-column elementor-col-20 elementor-inner-column elementor-element elementor-element-5dab8c2\" data-id=\"5dab8c2\" data-element_type=\"column\">\n\t\t\t<div class=\"elementor-widget-wrap elementor-element-populated\">\n\t\t\t\t\t\t<div class=\"elementor-element elementor-element-c080212 elementor-widget elementor-widget-image\" data-id=\"c080212\" data-element_type=\"widget\" data-widget_type=\"image.default\">\n\t\t\t\t<div class=\"elementor-widget-container\">\n\t\t\t\t\t\t\t\t\t\t\t\t\t\t\t<img decoding=\"async\" width=\"340\" height=\"180\" src=\"https:\/\/evocagroupna.com\/wp-content\/uploads\/2022\/09\/our-brands_gaggia_v2.png\" class=\"attachment-large size-large wp-image-2456\" alt=\"\" srcset=\"https:\/\/evocagroupna.com\/wp-content\/uploads\/2022\/09\/our-brands_gaggia_v2.png 340w, https:\/\/evocagroupna.com\/wp-content\/uploads\/2022\/09\/our-brands_gaggia_v2-300x159.png 300w\" sizes=\"(max-width: 340px) 100vw, 340px\" \/>\t\t\t\t\t\t\t\t\t\t\t\t\t\t\t<\/div>\n\t\t\t\t<\/div>\n\t\t\t\t<div class=\"elementor-element elementor-element-0f65271 elementor-widget elementor-widget-text-editor\" data-id=\"0f65271\" data-element_type=\"widget\" data-widget_type=\"text-editor.default\">\n\t\t\t\t<div class=\"elementor-widget-container\">\n\t\t\t\t\t\t\t\t\t<p>Machines \u00e0 expresso commerciales traditionnelles et superautomatiques de luxe.<\/p>\t\t\t\t\t\t\t\t<\/div>\n\t\t\t\t<\/div>\n\t\t\t\t<div class=\"elementor-element elementor-element-f639e67 elementor-align-center elementor-widget elementor-widget-button\" data-id=\"f639e67\" data-element_type=\"widget\" data-widget_type=\"button.default\">\n\t\t\t\t<div class=\"elementor-widget-container\">\n\t\t\t\t\t\t\t\t\t<div class=\"elementor-button-wrapper\">\n\t\t\t\t\t<a class=\"elementor-button elementor-button-link elementor-size-sm\" href=\"\/fr\/nos-marques\/gaggia\/\">\n\t\t\t\t\t\t<span class=\"elementor-button-content-wrapper\">\n\t\t\t\t\t\t\t\t\t<span class=\"elementor-button-text\">D\u00e9couvrir Gaggia<\/span>\n\t\t\t\t\t<\/span>\n\t\t\t\t\t<\/a>\n\t\t\t\t<\/div>\n\t\t\t\t\t\t\t\t<\/div>\n\t\t\t\t<\/div>\n\t\t\t\t\t<\/div>\n\t\t<\/div>\n\t\t\t\t<div class=\"elementor-column elementor-col-20 elementor-inner-column elementor-element elementor-element-a74c40e\" data-id=\"a74c40e\" data-element_type=\"column\">\n\t\t\t<div class=\"elementor-widget-wrap elementor-element-populated\">\n\t\t\t\t\t\t<div class=\"elementor-element elementor-element-457f2b4 elementor-widget elementor-widget-image\" data-id=\"457f2b4\" data-element_type=\"widget\" data-widget_type=\"image.default\">\n\t\t\t\t<div class=\"elementor-widget-container\">\n\t\t\t\t\t\t\t\t\t\t\t\t\t\t\t<img decoding=\"async\" width=\"340\" height=\"180\" src=\"https:\/\/evocagroupna.com\/wp-content\/uploads\/2022\/09\/our-brands_necta_v2.png\" class=\"attachment-large size-large wp-image-2454\" alt=\"\" srcset=\"https:\/\/evocagroupna.com\/wp-content\/uploads\/2022\/09\/our-brands_necta_v2.png 340w, https:\/\/evocagroupna.com\/wp-content\/uploads\/2022\/09\/our-brands_necta_v2-300x159.png 300w\" sizes=\"(max-width: 340px) 100vw, 340px\" \/>\t\t\t\t\t\t\t\t\t\t\t\t\t\t\t<\/div>\n\t\t\t\t<\/div>\n\t\t\t\t<div class=\"elementor-element elementor-element-5e6d767 elementor-widget elementor-widget-text-editor\" data-id=\"5e6d767\" data-element_type=\"widget\" data-widget_type=\"text-editor.default\">\n\t\t\t\t<div class=\"elementor-widget-container\">\n\t\t\t\t\t\t\t\t\t<p>Machines \u00e0 expresso du grain \u00e0 la tasse de haute qualit\u00e9.<\/p>\t\t\t\t\t\t\t\t<\/div>\n\t\t\t\t<\/div>\n\t\t\t\t<div class=\"elementor-element elementor-element-763d82d elementor-align-center elementor-widget elementor-widget-button\" data-id=\"763d82d\" data-element_type=\"widget\" data-widget_type=\"button.default\">\n\t\t\t\t<div class=\"elementor-widget-container\">\n\t\t\t\t\t\t\t\t\t<div class=\"elementor-button-wrapper\">\n\t\t\t\t\t<a class=\"elementor-button elementor-button-link elementor-size-sm\" href=\"\/fr\/nos-marques\/necta\/\">\n\t\t\t\t\t\t<span class=\"elementor-button-content-wrapper\">\n\t\t\t\t\t\t\t\t\t<span class=\"elementor-button-text\">D\u00e9couvrir Necta<\/span>\n\t\t\t\t\t<\/span>\n\t\t\t\t\t<\/a>\n\t\t\t\t<\/div>\n\t\t\t\t\t\t\t\t<\/div>\n\t\t\t\t<\/div>\n\t\t\t\t\t<\/div>\n\t\t<\/div>\n\t\t\t\t<div class=\"elementor-column elementor-col-20 elementor-inner-column elementor-element elementor-element-66a820c\" data-id=\"66a820c\" data-element_type=\"column\">\n\t\t\t<div class=\"elementor-widget-wrap elementor-element-populated\">\n\t\t\t\t\t\t<div class=\"elementor-element elementor-element-22ce335 elementor-widget elementor-widget-image\" data-id=\"22ce335\" data-element_type=\"widget\" data-widget_type=\"image.default\">\n\t\t\t\t<div class=\"elementor-widget-container\">\n\t\t\t\t\t\t\t\t\t\t\t\t\t\t\t<img loading=\"lazy\" decoding=\"async\" width=\"340\" height=\"180\" src=\"https:\/\/evocagroupna.com\/wp-content\/uploads\/2022\/09\/our-brands_saeco_v2.png\" class=\"attachment-large size-large wp-image-2452\" alt=\"\" srcset=\"https:\/\/evocagroupna.com\/wp-content\/uploads\/2022\/09\/our-brands_saeco_v2.png 340w, https:\/\/evocagroupna.com\/wp-content\/uploads\/2022\/09\/our-brands_saeco_v2-300x159.png 300w\" sizes=\"(max-width: 340px) 100vw, 340px\" \/>\t\t\t\t\t\t\t\t\t\t\t\t\t\t\t<\/div>\n\t\t\t\t<\/div>\n\t\t\t\t<div class=\"elementor-element elementor-element-e152e94 elementor-widget elementor-widget-text-editor\" data-id=\"e152e94\" data-element_type=\"widget\" data-widget_type=\"text-editor.default\">\n\t\t\t\t<div class=\"elementor-widget-container\">\n\t\t\t\t\t\t\t\t\t<p>Machines \u00e0 expresso commerciales de pointe.<\/p>\t\t\t\t\t\t\t\t<\/div>\n\t\t\t\t<\/div>\n\t\t\t\t<div class=\"elementor-element elementor-element-909a92a elementor-align-center elementor-widget elementor-widget-button\" data-id=\"909a92a\" data-element_type=\"widget\" data-widget_type=\"button.default\">\n\t\t\t\t<div class=\"elementor-widget-container\">\n\t\t\t\t\t\t\t\t\t<div class=\"elementor-button-wrapper\">\n\t\t\t\t\t<a class=\"elementor-button elementor-button-link elementor-size-sm\" href=\"\/fr\/nos-marques\/saeco\/\">\n\t\t\t\t\t\t<span class=\"elementor-button-content-wrapper\">\n\t\t\t\t\t\t\t\t\t<span class=\"elementor-button-text\">D\u00e9couvrir Saeco<\/span>\n\t\t\t\t\t<\/span>\n\t\t\t\t\t<\/a>\n\t\t\t\t<\/div>\n\t\t\t\t\t\t\t\t<\/div>\n\t\t\t\t<\/div>\n\t\t\t\t\t<\/div>\n\t\t<\/div>\n\t\t\t\t<div class=\"elementor-column elementor-col-20 elementor-inner-column elementor-element elementor-element-66748aa\" data-id=\"66748aa\" data-element_type=\"column\">\n\t\t\t<div class=\"elementor-widget-wrap elementor-element-populated\">\n\t\t\t\t\t\t<div class=\"elementor-element elementor-element-a0787b9 elementor-widget elementor-widget-image\" data-id=\"a0787b9\" data-element_type=\"widget\" data-widget_type=\"image.default\">\n\t\t\t\t<div class=\"elementor-widget-container\">\n\t\t\t\t\t\t\t\t\t\t\t\t\t\t\t<img loading=\"lazy\" decoding=\"async\" width=\"340\" height=\"180\" src=\"https:\/\/evocagroupna.com\/wp-content\/uploads\/2022\/09\/our-brands_wittenborg_v2.png\" class=\"attachment-large size-large wp-image-2450\" alt=\"\" srcset=\"https:\/\/evocagroupna.com\/wp-content\/uploads\/2022\/09\/our-brands_wittenborg_v2.png 340w, https:\/\/evocagroupna.com\/wp-content\/uploads\/2022\/09\/our-brands_wittenborg_v2-300x159.png 300w\" sizes=\"(max-width: 340px) 100vw, 340px\" \/>\t\t\t\t\t\t\t\t\t\t\t\t\t\t\t<\/div>\n\t\t\t\t<\/div>\n\t\t\t\t<div class=\"elementor-element elementor-element-b06fa0e elementor-widget elementor-widget-text-editor\" data-id=\"b06fa0e\" data-element_type=\"widget\" data-widget_type=\"text-editor.default\">\n\t\t\t\t<div class=\"elementor-widget-container\">\n\t\t\t\t\t\t\t\t\t<p>Machines \u00e0 expresso du grain \u00e0 la tasse haut de gamme.<\/p>\t\t\t\t\t\t\t\t<\/div>\n\t\t\t\t<\/div>\n\t\t\t\t<div class=\"elementor-element elementor-element-498ff8b elementor-align-center elementor-widget elementor-widget-button\" data-id=\"498ff8b\" data-element_type=\"widget\" data-widget_type=\"button.default\">\n\t\t\t\t<div class=\"elementor-widget-container\">\n\t\t\t\t\t\t\t\t\t<div class=\"elementor-button-wrapper\">\n\t\t\t\t\t<a class=\"elementor-button elementor-button-link elementor-size-sm\" href=\"\/fr\/nos-marques\/wittenborg\/\">\n\t\t\t\t\t\t<span class=\"elementor-button-content-wrapper\">\n\t\t\t\t\t\t\t\t\t<span class=\"elementor-button-text\">D\u00e9couvrir Wittenborg<\/span>\n\t\t\t\t\t<\/span>\n\t\t\t\t\t<\/a>\n\t\t\t\t<\/div>\n\t\t\t\t\t\t\t\t<\/div>\n\t\t\t\t<\/div>\n\t\t\t\t\t<\/div>\n\t\t<\/div>\n\t\t\t\t\t<\/div>\n\t\t<\/section>\n\t\t\t\t\t<\/div>\n\t\t<\/div>\n\t\t\t\t\t<\/div>\n\t\t<\/section>\n\t\t\t\t<\/div>\n\t\t","protected":false},"excerpt":{"rendered":"<p>NOS MARQUES Machines \u00e0 caf\u00e9 du grain \u00e0 la tasse haut de gamme. D\u00e9couvrir Cafection Machines \u00e0 expresso commerciales traditionnelles et superautomatiques de luxe. D\u00e9couvrir Gaggia Machines \u00e0 expresso du grain \u00e0 la tasse de haute qualit\u00e9. D\u00e9couvrir Necta Machines \u00e0 expresso commerciales de pointe. D\u00e9couvrir Saeco Machines \u00e0 expresso du grain \u00e0 la tasse [&hellip;]<\/p>\n","protected":false},"author":5,"featured_media":0,"parent":0,"menu_order":0,"comment_status":"closed","ping_status":"closed","template":"","meta":{"_acf_changed":false,"content-type":"","inline_featured_image":false,"footnotes":""},"class_list":["post-3971","page","type-page","status-publish","hentry"],"acf":[],"yoast_head":"<!-- This site is optimized with the Yoast SEO plugin v25.8 - https:\/\/yoast.com\/wordpress\/plugins\/seo\/ -->\n<title>Nos marques - Evoca North America<\/title>\n<meta name=\"robots\" content=\"index, follow, max-snippet:-1, max-image-preview:large, max-video-preview:-1\" \/>\n<link rel=\"canonical\" href=\"https:\/\/evocagroupna.com\/fr\/nos-marques\/\" \/>\n<meta property=\"og:locale\" content=\"fr_FR\" \/>\n<meta property=\"og:type\" content=\"article\" \/>\n<meta property=\"og:title\" content=\"Nos marques - Evoca North America\" \/>\n<meta property=\"og:description\" content=\"NOS MARQUES Machines \u00e0 caf\u00e9 du grain \u00e0 la tasse haut de gamme. D\u00e9couvrir Cafection Machines \u00e0 expresso commerciales traditionnelles et superautomatiques de luxe. D\u00e9couvrir Gaggia Machines \u00e0 expresso du grain \u00e0 la tasse de haute qualit\u00e9. D\u00e9couvrir Necta Machines \u00e0 expresso commerciales de pointe. D\u00e9couvrir Saeco Machines \u00e0 expresso du grain \u00e0 la tasse [&hellip;]\" \/>\n<meta property=\"og:url\" content=\"https:\/\/evocagroupna.com\/fr\/nos-marques\/\" \/>\n<meta property=\"og:site_name\" content=\"Evoca North America\" \/>\n<meta property=\"article:modified_time\" content=\"2024-04-15T19:16:26+00:00\" \/>\n<meta property=\"og:image\" content=\"https:\/\/evocagroupna.com\/wp-content\/uploads\/2022\/09\/our-brands_cafection.png\" \/>\n<meta name=\"twitter:card\" content=\"summary_large_image\" \/>\n<meta name=\"twitter:label1\" content=\"Dur\u00e9e de lecture estim\u00e9e\" \/>\n\t<meta name=\"twitter:data1\" content=\"2 minutes\" \/>\n<script type=\"application\/ld+json\" class=\"yoast-schema-graph\">{\"@context\":\"https:\/\/schema.org\",\"@graph\":[{\"@type\":\"WebPage\",\"@id\":\"https:\/\/evocagroupna.com\/fr\/nos-marques\/\",\"url\":\"https:\/\/evocagroupna.com\/fr\/nos-marques\/\",\"name\":\"Nos marques - Evoca North America\",\"isPartOf\":{\"@id\":\"https:\/\/evocagroupna.com\/fr\/#website\"},\"primaryImageOfPage\":{\"@id\":\"https:\/\/evocagroupna.com\/fr\/nos-marques\/#primaryimage\"},\"image\":{\"@id\":\"https:\/\/evocagroupna.com\/fr\/nos-marques\/#primaryimage\"},\"thumbnailUrl\":\"https:\/\/evocagroupna.com\/wp-content\/uploads\/2022\/09\/our-brands_cafection.png\",\"datePublished\":\"2022-09-08T15:52:51+00:00\",\"dateModified\":\"2024-04-15T19:16:26+00:00\",\"breadcrumb\":{\"@id\":\"https:\/\/evocagroupna.com\/fr\/nos-marques\/#breadcrumb\"},\"inLanguage\":\"fr-FR\",\"potentialAction\":[{\"@type\":\"ReadAction\",\"target\":[\"https:\/\/evocagroupna.com\/fr\/nos-marques\/\"]}]},{\"@type\":\"ImageObject\",\"inLanguage\":\"fr-FR\",\"@id\":\"https:\/\/evocagroupna.com\/fr\/nos-marques\/#primaryimage\",\"url\":\"https:\/\/evocagroupna.com\/wp-content\/uploads\/2022\/09\/our-brands_cafection.png\",\"contentUrl\":\"https:\/\/evocagroupna.com\/wp-content\/uploads\/2022\/09\/our-brands_cafection.png\"},{\"@type\":\"BreadcrumbList\",\"@id\":\"https:\/\/evocagroupna.com\/fr\/nos-marques\/#breadcrumb\",\"itemListElement\":[{\"@type\":\"ListItem\",\"position\":1,\"name\":\"Home\",\"item\":\"https:\/\/evocagroupna.com\/fr\/\"},{\"@type\":\"ListItem\",\"position\":2,\"name\":\"Nos marques\"}]},{\"@type\":\"WebSite\",\"@id\":\"https:\/\/evocagroupna.com\/fr\/#website\",\"url\":\"https:\/\/evocagroupna.com\/fr\/\",\"name\":\"Evoca North America\",\"description\":\"Un site utilisant WordPress\",\"publisher\":{\"@id\":\"https:\/\/evocagroupna.com\/fr\/#organization\"},\"potentialAction\":[{\"@type\":\"SearchAction\",\"target\":{\"@type\":\"EntryPoint\",\"urlTemplate\":\"https:\/\/evocagroupna.com\/fr\/?s={search_term_string}\"},\"query-input\":{\"@type\":\"PropertyValueSpecification\",\"valueRequired\":true,\"valueName\":\"search_term_string\"}}],\"inLanguage\":\"fr-FR\"},{\"@type\":\"Organization\",\"@id\":\"https:\/\/evocagroupna.com\/fr\/#organization\",\"name\":\"Evoca North America\",\"url\":\"https:\/\/evocagroupna.com\/fr\/\",\"logo\":{\"@type\":\"ImageObject\",\"inLanguage\":\"fr-FR\",\"@id\":\"https:\/\/evocagroupna.com\/fr\/#\/schema\/logo\/image\/\",\"url\":\"https:\/\/evocagroupna.com\/wp-content\/uploads\/2024\/03\/EVOCA-NA_Carre_Couleur_RGB-2.png\",\"contentUrl\":\"https:\/\/evocagroupna.com\/wp-content\/uploads\/2024\/03\/EVOCA-NA_Carre_Couleur_RGB-2.png\",\"width\":1785,\"height\":1062,\"caption\":\"Evoca North America\"},\"image\":{\"@id\":\"https:\/\/evocagroupna.com\/fr\/#\/schema\/logo\/image\/\"}}]}<\/script>\n<!-- \/ Yoast SEO plugin. -->","yoast_head_json":{"title":"Nos marques - Evoca North America","robots":{"index":"index","follow":"follow","max-snippet":"max-snippet:-1","max-image-preview":"max-image-preview:large","max-video-preview":"max-video-preview:-1"},"canonical":"https:\/\/evocagroupna.com\/fr\/nos-marques\/","og_locale":"fr_FR","og_type":"article","og_title":"Nos marques - Evoca North America","og_description":"NOS MARQUES Machines \u00e0 caf\u00e9 du grain \u00e0 la tasse haut de gamme. D\u00e9couvrir Cafection Machines \u00e0 expresso commerciales traditionnelles et superautomatiques de luxe. D\u00e9couvrir Gaggia Machines \u00e0 expresso du grain \u00e0 la tasse de haute qualit\u00e9. D\u00e9couvrir Necta Machines \u00e0 expresso commerciales de pointe. D\u00e9couvrir Saeco Machines \u00e0 expresso du grain \u00e0 la tasse [&hellip;]","og_url":"https:\/\/evocagroupna.com\/fr\/nos-marques\/","og_site_name":"Evoca North America","article_modified_time":"2024-04-15T19:16:26+00:00","og_image":[{"url":"https:\/\/evocagroupna.com\/wp-content\/uploads\/2022\/09\/our-brands_cafection.png","type":"","width":"","height":""}],"twitter_card":"summary_large_image","twitter_misc":{"Dur\u00e9e de lecture estim\u00e9e":"2 minutes"},"schema":{"@context":"https:\/\/schema.org","@graph":[{"@type":"WebPage","@id":"https:\/\/evocagroupna.com\/fr\/nos-marques\/","url":"https:\/\/evocagroupna.com\/fr\/nos-marques\/","name":"Nos marques - Evoca North America","isPartOf":{"@id":"https:\/\/evocagroupna.com\/fr\/#website"},"primaryImageOfPage":{"@id":"https:\/\/evocagroupna.com\/fr\/nos-marques\/#primaryimage"},"image":{"@id":"https:\/\/evocagroupna.com\/fr\/nos-marques\/#primaryimage"},"thumbnailUrl":"https:\/\/evocagroupna.com\/wp-content\/uploads\/2022\/09\/our-brands_cafection.png","datePublished":"2022-09-08T15:52:51+00:00","dateModified":"2024-04-15T19:16:26+00:00","breadcrumb":{"@id":"https:\/\/evocagroupna.com\/fr\/nos-marques\/#breadcrumb"},"inLanguage":"fr-FR","potentialAction":[{"@type":"ReadAction","target":["https:\/\/evocagroupna.com\/fr\/nos-marques\/"]}]},{"@type":"ImageObject","inLanguage":"fr-FR","@id":"https:\/\/evocagroupna.com\/fr\/nos-marques\/#primaryimage","url":"https:\/\/evocagroupna.com\/wp-content\/uploads\/2022\/09\/our-brands_cafection.png","contentUrl":"https:\/\/evocagroupna.com\/wp-content\/uploads\/2022\/09\/our-brands_cafection.png"},{"@type":"BreadcrumbList","@id":"https:\/\/evocagroupna.com\/fr\/nos-marques\/#breadcrumb","itemListElement":[{"@type":"ListItem","position":1,"name":"Home","item":"https:\/\/evocagroupna.com\/fr\/"},{"@type":"ListItem","position":2,"name":"Nos marques"}]},{"@type":"WebSite","@id":"https:\/\/evocagroupna.com\/fr\/#website","url":"https:\/\/evocagroupna.com\/fr\/","name":"Evoca North America","description":"Un site utilisant WordPress","publisher":{"@id":"https:\/\/evocagroupna.com\/fr\/#organization"},"potentialAction":[{"@type":"SearchAction","target":{"@type":"EntryPoint","urlTemplate":"https:\/\/evocagroupna.com\/fr\/?s={search_term_string}"},"query-input":{"@type":"PropertyValueSpecification","valueRequired":true,"valueName":"search_term_string"}}],"inLanguage":"fr-FR"},{"@type":"Organization","@id":"https:\/\/evocagroupna.com\/fr\/#organization","name":"Evoca North America","url":"https:\/\/evocagroupna.com\/fr\/","logo":{"@type":"ImageObject","inLanguage":"fr-FR","@id":"https:\/\/evocagroupna.com\/fr\/#\/schema\/logo\/image\/","url":"https:\/\/evocagroupna.com\/wp-content\/uploads\/2024\/03\/EVOCA-NA_Carre_Couleur_RGB-2.png","contentUrl":"https:\/\/evocagroupna.com\/wp-content\/uploads\/2024\/03\/EVOCA-NA_Carre_Couleur_RGB-2.png","width":1785,"height":1062,"caption":"Evoca North America"},"image":{"@id":"https:\/\/evocagroupna.com\/fr\/#\/schema\/logo\/image\/"}}]}},"_links":{"self":[{"href":"https:\/\/evocagroupna.com\/fr\/wp-json\/wp\/v2\/pages\/3971","targetHints":{"allow":["GET"]}}],"collection":[{"href":"https:\/\/evocagroupna.com\/fr\/wp-json\/wp\/v2\/pages"}],"about":[{"href":"https:\/\/evocagroupna.com\/fr\/wp-json\/wp\/v2\/types\/page"}],"author":[{"embeddable":true,"href":"https:\/\/evocagroupna.com\/fr\/wp-json\/wp\/v2\/users\/5"}],"replies":[{"embeddable":true,"href":"https:\/\/evocagroupna.com\/fr\/wp-json\/wp\/v2\/comments?post=3971"}],"version-history":[{"count":10,"href":"https:\/\/evocagroupna.com\/fr\/wp-json\/wp\/v2\/pages\/3971\/revisions"}],"predecessor-version":[{"id":13033,"href":"https:\/\/evocagroupna.com\/fr\/wp-json\/wp\/v2\/pages\/3971\/revisions\/13033"}],"wp:attachment":[{"href":"https:\/\/evocagroupna.com\/fr\/wp-json\/wp\/v2\/media?parent=3971"}],"curies":[{"name":"wp","href":"https:\/\/api.w.org\/{rel}","templated":true}]}}