{"id":3994,"date":"2022-09-08T11:52:34","date_gmt":"2022-09-08T15:52:34","guid":{"rendered":"https:\/\/evocagroupna.com\/our-team\/"},"modified":"2024-04-12T15:34:57","modified_gmt":"2024-04-12T19:34:57","slug":"notre-equipe","status":"publish","type":"page","link":"https:\/\/evocagroupna.com\/fr\/notre-equipe\/","title":{"rendered":"Notre \u00e9quipe"},"content":{"rendered":"\t\t<div data-elementor-type=\"wp-page\" data-elementor-id=\"3994\" class=\"elementor elementor-3994 elementor-1473\" data-elementor-post-type=\"page\">\n\t\t\t\t\t\t<section class=\"elementor-section elementor-top-section elementor-element elementor-element-70558ad elementor-hidden-tablet elementor-hidden-mobile elementor-section-height-min-height elementor-section-items-stretch elementor-section-boxed elementor-section-height-default\" data-id=\"70558ad\" data-element_type=\"section\" data-settings=\"{&quot;background_background&quot;:&quot;classic&quot;}\">\n\t\t\t\t\t\t<div class=\"elementor-container elementor-column-gap-no\">\n\t\t\t\t\t<div class=\"elementor-column elementor-col-50 elementor-top-column elementor-element elementor-element-ed388c9\" data-id=\"ed388c9\" data-element_type=\"column\">\n\t\t\t<div class=\"elementor-widget-wrap elementor-element-populated\">\n\t\t\t\t\t\t<div class=\"elementor-element elementor-element-b116e65 elementor-widget elementor-widget-heading\" data-id=\"b116e65\" data-element_type=\"widget\" data-widget_type=\"heading.default\">\n\t\t\t\t<div class=\"elementor-widget-container\">\n\t\t\t\t\t<h1 class=\"elementor-heading-title elementor-size-default\">notre \u00e9quipe<\/h1>\t\t\t\t<\/div>\n\t\t\t\t<\/div>\n\t\t\t\t\t<\/div>\n\t\t<\/div>\n\t\t\t\t<div class=\"elementor-column elementor-col-50 elementor-top-column elementor-element elementor-element-9a6fd58\" data-id=\"9a6fd58\" data-element_type=\"column\">\n\t\t\t<div class=\"elementor-widget-wrap elementor-element-populated\">\n\t\t\t\t\t\t<div class=\"elementor-element elementor-element-6fd0308 elementor-widget elementor-widget-image\" data-id=\"6fd0308\" data-element_type=\"widget\" data-widget_type=\"image.default\">\n\t\t\t\t<div class=\"elementor-widget-container\">\n\t\t\t\t\t\t\t\t\t\t\t\t\t\t\t<img decoding=\"async\" width=\"1\" height=\"1\" src=\"https:\/\/evocagroupna.com\/wp-content\/uploads\/2024\/04\/OurTeam.svg\" class=\"attachment-full size-full wp-image-12695\" alt=\"\" \/>\t\t\t\t\t\t\t\t\t\t\t\t\t\t\t<\/div>\n\t\t\t\t<\/div>\n\t\t\t\t<div class=\"elementor-element elementor-element-fddcee1 elementor-widget elementor-widget-text-editor\" data-id=\"fddcee1\" data-element_type=\"widget\" data-widget_type=\"text-editor.default\">\n\t\t\t\t<div class=\"elementor-widget-container\">\n\t\t\t\t\t\t\t\t\tPeu importe o\u00f9 vous vous trouvez, un de nos agents est \u00e0 proximit\u00e9.\t\t\t\t\t\t\t\t<\/div>\n\t\t\t\t<\/div>\n\t\t\t\t\t<\/div>\n\t\t<\/div>\n\t\t\t\t\t<\/div>\n\t\t<\/section>\n\t\t\t\t<section class=\"elementor-section elementor-top-section elementor-element elementor-element-2c97a8d elementor-hidden-desktop elementor-section-boxed elementor-section-height-default elementor-section-height-default\" data-id=\"2c97a8d\" data-element_type=\"section\" data-settings=\"{&quot;background_background&quot;:&quot;classic&quot;}\">\n\t\t\t\t\t\t<div class=\"elementor-container elementor-column-gap-no\">\n\t\t\t\t\t<div class=\"elementor-column elementor-col-100 elementor-top-column elementor-element elementor-element-885453b\" data-id=\"885453b\" data-element_type=\"column\">\n\t\t\t<div class=\"elementor-widget-wrap elementor-element-populated\">\n\t\t\t\t\t\t<section class=\"elementor-section elementor-inner-section elementor-element elementor-element-3ef3373 elementor-section-height-min-height elementor-section-boxed elementor-section-height-default\" data-id=\"3ef3373\" data-element_type=\"section\" data-settings=\"{&quot;background_background&quot;:&quot;classic&quot;}\">\n\t\t\t\t\t\t<div class=\"elementor-container elementor-column-gap-no\">\n\t\t\t\t\t<div class=\"elementor-column elementor-col-100 elementor-inner-column elementor-element elementor-element-369bab0\" data-id=\"369bab0\" data-element_type=\"column\">\n\t\t\t<div class=\"elementor-widget-wrap elementor-element-populated\">\n\t\t\t\t\t\t<div class=\"elementor-element elementor-element-624d24d elementor-widget elementor-widget-heading\" data-id=\"624d24d\" data-element_type=\"widget\" data-widget_type=\"heading.default\">\n\t\t\t\t<div class=\"elementor-widget-container\">\n\t\t\t\t\t<h1 class=\"elementor-heading-title elementor-size-default\">Notre \u00e9quipe<\/h1>\t\t\t\t<\/div>\n\t\t\t\t<\/div>\n\t\t\t\t\t<\/div>\n\t\t<\/div>\n\t\t\t\t\t<\/div>\n\t\t<\/section>\n\t\t\t\t<section class=\"elementor-section elementor-inner-section elementor-element elementor-element-349f00c elementor-section-boxed elementor-section-height-default elementor-section-height-default\" data-id=\"349f00c\" data-element_type=\"section\" data-settings=\"{&quot;background_background&quot;:&quot;classic&quot;}\">\n\t\t\t\t\t\t<div class=\"elementor-container elementor-column-gap-no\">\n\t\t\t\t\t<div class=\"elementor-column elementor-col-100 elementor-inner-column elementor-element elementor-element-22c2eae\" data-id=\"22c2eae\" data-element_type=\"column\">\n\t\t\t<div class=\"elementor-widget-wrap elementor-element-populated\">\n\t\t\t\t\t\t<div class=\"elementor-element elementor-element-9e2dbf1 elementor-widget elementor-widget-image\" data-id=\"9e2dbf1\" data-element_type=\"widget\" data-widget_type=\"image.default\">\n\t\t\t\t<div class=\"elementor-widget-container\">\n\t\t\t\t\t\t\t\t\t\t\t\t\t\t\t<img decoding=\"async\" width=\"1\" height=\"1\" src=\"https:\/\/evocagroupna.com\/wp-content\/uploads\/2024\/04\/OurTeam.svg\" class=\"attachment-large size-large wp-image-12695\" alt=\"\" \/>\t\t\t\t\t\t\t\t\t\t\t\t\t\t\t<\/div>\n\t\t\t\t<\/div>\n\t\t\t\t<div class=\"elementor-element elementor-element-431aadf elementor-widget elementor-widget-text-editor\" data-id=\"431aadf\" data-element_type=\"widget\" data-widget_type=\"text-editor.default\">\n\t\t\t\t<div class=\"elementor-widget-container\">\n\t\t\t\t\t\t\t\t\tPeu importe o\u00f9 vous vous trouvez, un de nos agents est \u00e0 proximit\u00e9.\t\t\t\t\t\t\t\t<\/div>\n\t\t\t\t<\/div>\n\t\t\t\t<div class=\"elementor-element elementor-element-9a06088 elementor-align-center elementor-widget elementor-widget-button\" data-id=\"9a06088\" data-element_type=\"widget\" data-widget_type=\"button.default\">\n\t\t\t\t<div class=\"elementor-widget-container\">\n\t\t\t\t\t\t\t\t\t<div class=\"elementor-button-wrapper\">\n\t\t\t\t\t<a class=\"elementor-button elementor-button-link elementor-size-sm\" href=\"https:\/\/evocagroupna.com\/fr\/contact\/\">\n\t\t\t\t\t\t<span class=\"elementor-button-content-wrapper\">\n\t\t\t\t\t\t\t\t\t<span class=\"elementor-button-text\">Contactez-nous<\/span>\n\t\t\t\t\t<\/span>\n\t\t\t\t\t<\/a>\n\t\t\t\t<\/div>\n\t\t\t\t\t\t\t\t<\/div>\n\t\t\t\t<\/div>\n\t\t\t\t\t<\/div>\n\t\t<\/div>\n\t\t\t\t\t<\/div>\n\t\t<\/section>\n\t\t\t\t\t<\/div>\n\t\t<\/div>\n\t\t\t\t\t<\/div>\n\t\t<\/section>\n\t\t\t\t<section class=\"elementor-section elementor-top-section elementor-element elementor-element-8413b08 elementor-section-boxed elementor-section-height-default elementor-section-height-default\" data-id=\"8413b08\" data-element_type=\"section\" data-settings=\"{&quot;background_background&quot;:&quot;gradient&quot;}\">\n\t\t\t\t\t\t<div class=\"elementor-container elementor-column-gap-no\">\n\t\t\t\t\t<div class=\"elementor-column elementor-col-50 elementor-top-column elementor-element elementor-element-857897c\" data-id=\"857897c\" data-element_type=\"column\">\n\t\t\t<div class=\"elementor-widget-wrap elementor-element-populated\">\n\t\t\t\t\t\t<div class=\"elementor-element elementor-element-92dc512 elementor-widget elementor-widget-heading\" data-id=\"92dc512\" data-element_type=\"widget\" data-widget_type=\"heading.default\">\n\t\t\t\t<div class=\"elementor-widget-container\">\n\t\t\t\t\t<h2 class=\"elementor-heading-title elementor-size-default\">L'\u00e9quipe d'Evoca Am\u00e9rique du Nord<\/h2>\t\t\t\t<\/div>\n\t\t\t\t<\/div>\n\t\t\t\t<div class=\"elementor-element elementor-element-59cdb7f elementor-widget elementor-widget-text-editor\" data-id=\"59cdb7f\" data-element_type=\"widget\" data-widget_type=\"text-editor.default\">\n\t\t\t\t<div class=\"elementor-widget-container\">\n\t\t\t\t\t\t\t\t\t<p><span style=\"font-weight: 400;\">Nous sommes convaincus que nos clients et partenaires devraient pouvoir joindre la bonne personne rapidement lorsqu\u2019ils en ont besoin. C\u2019est pourquoi nous avons form\u00e9 diff\u00e9rentes \u00e9quipes pr\u00eates \u00e0 vous r\u00e9pondre.<\/span><\/p>\t\t\t\t\t\t\t\t<\/div>\n\t\t\t\t<\/div>\n\t\t\t\t<div class=\"elementor-element elementor-element-8485aff elementor-widget elementor-widget-heading\" data-id=\"8485aff\" data-element_type=\"widget\" data-widget_type=\"heading.default\">\n\t\t\t\t<div class=\"elementor-widget-container\">\n\t\t\t\t\t<h4 class=\"elementor-heading-title elementor-size-default\">Repr\u00e9sentants de territoire\n<\/h4>\t\t\t\t<\/div>\n\t\t\t\t<\/div>\n\t\t\t\t<div class=\"elementor-element elementor-element-46b302f elementor-widget elementor-widget-text-editor\" data-id=\"46b302f\" data-element_type=\"widget\" data-widget_type=\"text-editor.default\">\n\t\t\t\t<div class=\"elementor-widget-container\">\n\t\t\t\t\t\t\t\t\t<p><span style=\"font-weight: 400;\">Dix repr\u00e9sentants aux ventes sont pr\u00e9sents et actifs dans leur territoire assign\u00e9. Chacun est sp\u00e9cialis\u00e9 dans un des march\u00e9s, qu\u2019il s\u2019agisse de celui de la pause-caf\u00e9 ou de l\u2019industrie de l\u2019alimentation (HoReCa), et offre \u00e0 nos clients une expertise directe r\u00e9pondant \u00e0 leurs besoins. Ceci \u00e9tant dit, chacun d\u2019eux est form\u00e9 pour conna\u00eetre l\u2019enti\u00e8ret\u00e9 de notre gamme de produits et peut cibler rapidement la solution parfaite pour chaque situation.<\/span><\/p>\n<p><span data-sheets-value=\"{&quot;1&quot;:2,&quot;2&quot;:&quot;Comme chaque repr\u00e9sentant est assign\u00e9 \u00e0 un territoire particulier, cela signifie que vous travaillerez toujours avec le m\u00eame. Ainsi, il vous sera plus facile de d\u00e9velopper une relation de confiance, b\u00e9n\u00e9fique \u00e0 toutes les parties.&quot;}\" data-sheets-userformat=\"{&quot;2&quot;:945,&quot;3&quot;:{&quot;1&quot;:0},&quot;7&quot;:{&quot;1&quot;:[{&quot;1&quot;:2,&quot;2&quot;:0,&quot;5&quot;:{&quot;1&quot;:2,&quot;2&quot;:0}},{&quot;1&quot;:0,&quot;2&quot;:0,&quot;3&quot;:3},{&quot;1&quot;:1,&quot;2&quot;:0,&quot;4&quot;:1}]},&quot;8&quot;:{&quot;1&quot;:[{&quot;1&quot;:2,&quot;2&quot;:0,&quot;5&quot;:{&quot;1&quot;:2,&quot;2&quot;:0}},{&quot;1&quot;:0,&quot;2&quot;:0,&quot;3&quot;:3},{&quot;1&quot;:1,&quot;2&quot;:0,&quot;4&quot;:1}]},&quot;10&quot;:1,&quot;11&quot;:4,&quot;12&quot;:0}\">Comme chaque repr\u00e9sentant est assign\u00e9 \u00e0 un territoire particulier, cela signifie que vous travaillerez toujours avec le m\u00eame. Ainsi, il vous sera plus facile de d\u00e9velopper une relation de confiance, b\u00e9n\u00e9fique \u00e0 toutes les parties.<\/span><\/p>\t\t\t\t\t\t\t\t<\/div>\n\t\t\t\t<\/div>\n\t\t\t\t<div class=\"elementor-element elementor-element-3228e34 elementor-widget elementor-widget-heading\" data-id=\"3228e34\" data-element_type=\"widget\" data-widget_type=\"heading.default\">\n\t\t\t\t<div class=\"elementor-widget-container\">\n\t\t\t\t\t<h4 class=\"elementor-heading-title elementor-size-default\">Service \u00e0 la client\u00e8le et soutien technique\n<\/h4>\t\t\t\t<\/div>\n\t\t\t\t<\/div>\n\t\t\t\t<div class=\"elementor-element elementor-element-aba2bd3 elementor-widget elementor-widget-text-editor\" data-id=\"aba2bd3\" data-element_type=\"widget\" data-widget_type=\"text-editor.default\">\n\t\t\t\t<div class=\"elementor-widget-container\">\n\t\t\t\t\t\t\t\t\t<p><span style=\"font-weight: 400;\">Chez Evoca Am\u00e9rique du Nord, le service \u00e0 la client\u00e8le est une priorit\u00e9 sans compromis. Apr\u00e8s plusieurs ann\u00e9es \u00e0 perfectionner notre service, nous sommes fiers d\u2019offrir le meilleur service \u00e0 la client\u00e8le de l\u2019industrie.<\/span><\/p><p><span style=\"font-weight: 400;\">Une \u00e9quipe compos\u00e9e de cinq techniciens talentueux et hautement form\u00e9e r\u00e8gle 85 % des cas lors du premier contact. Le temps d\u2019attente moyen sur notre ligne t\u00e9l\u00e9phonique est de moins de 2 minutes et tous les courriels re\u00e7us sont r\u00e9pondus dans un d\u00e9lai de 2 heures.<\/span><\/p><p><span style=\"font-weight: 400;\">Notre \u00e9quipe utilise fr\u00e9quemment des outils de visioconf\u00e9rence pour simplifier le diagnostic, de m\u00eame que pour donner des formations.<\/span><\/p>\t\t\t\t\t\t\t\t<\/div>\n\t\t\t\t<\/div>\n\t\t\t\t<div class=\"elementor-element elementor-element-6a46412 elementor-widget elementor-widget-heading\" data-id=\"6a46412\" data-element_type=\"widget\" data-widget_type=\"heading.default\">\n\t\t\t\t<div class=\"elementor-widget-container\">\n\t\t\t\t\t<h4 class=\"elementor-heading-title elementor-size-default\">Techniciens de territoire\n<\/h4>\t\t\t\t<\/div>\n\t\t\t\t<\/div>\n\t\t\t\t<div class=\"elementor-element elementor-element-c69870e elementor-widget elementor-widget-text-editor\" data-id=\"c69870e\" data-element_type=\"widget\" data-widget_type=\"text-editor.default\">\n\t\t\t\t<div class=\"elementor-widget-container\">\n\t\t\t\t\t\t\t\t\t<p><span style=\"font-weight: 400;\">Notre \u00e9quipe de quatre techniciens sur le terrain est sp\u00e9cialement form\u00e9e et poss\u00e8de une connaissance accrue de nos machines. Elle supporte les techniciens de nos clients gr\u00e2ce \u00e0 de la formation personnalis\u00e9e, du mentorat et de l\u2019aide lors de l\u2019installation des machines, pour ne nommer que quelques exemples.<\/span><\/p><p><span style=\"font-weight: 400;\">Un technicien de territoire peut \u00e9galement se d\u00e9placer rapidement puisque, dans certains cas, il est indispensable d\u2019\u00eatre sur les lieux pour \u00e9valuer une situation correctement.<\/span><\/p>\t\t\t\t\t\t\t\t<\/div>\n\t\t\t\t<\/div>\n\t\t\t\t<div class=\"elementor-element elementor-element-b59f588 elementor-widget elementor-widget-heading\" data-id=\"b59f588\" data-element_type=\"widget\" data-widget_type=\"heading.default\">\n\t\t\t\t<div class=\"elementor-widget-container\">\n\t\t\t\t\t<h4 class=\"elementor-heading-title elementor-size-default\">Repr\u00e9sentants aux ventes internes\n<\/h4>\t\t\t\t<\/div>\n\t\t\t\t<\/div>\n\t\t\t\t<div class=\"elementor-element elementor-element-cc2af10 elementor-widget elementor-widget-text-editor\" data-id=\"cc2af10\" data-element_type=\"widget\" data-widget_type=\"text-editor.default\">\n\t\t\t\t<div class=\"elementor-widget-container\">\n\t\t\t\t\t\t\t\t\t<p><span style=\"font-weight: 400;\">Nos agents aux ventes internes font des pieds et des mains pour s\u2019assurer que chaque \u00e9tape de la commande soit compl\u00e9t\u00e9e tel que demand\u00e9e par le client.<\/span><\/p><p><span style=\"font-weight: 400;\">Ils sont disponibles pour r\u00e9pondre \u00e0 toutes les questions au sujet du processus de vente, du premier contact jusqu\u2019\u00e0 la livraison du produit.<\/span><\/p>\t\t\t\t\t\t\t\t<\/div>\n\t\t\t\t<\/div>\n\t\t\t\t\t<\/div>\n\t\t<\/div>\n\t\t\t\t<div class=\"elementor-column elementor-col-50 elementor-top-column elementor-element elementor-element-20985cd\" data-id=\"20985cd\" data-element_type=\"column\">\n\t\t\t<div class=\"elementor-widget-wrap elementor-element-populated\">\n\t\t\t\t\t\t<div class=\"elementor-element elementor-element-d77899c elementor-widget elementor-widget-image\" data-id=\"d77899c\" data-element_type=\"widget\" data-widget_type=\"image.default\">\n\t\t\t\t<div class=\"elementor-widget-container\">\n\t\t\t\t\t\t\t\t\t\t\t\t\t\t\t<img fetchpriority=\"high\" decoding=\"async\" width=\"413\" height=\"617\" src=\"https:\/\/evocagroupna.com\/wp-content\/uploads\/2022\/09\/our-team_evoca-north-america_img1.png\" class=\"attachment-large size-large wp-image-2324\" alt=\"\" srcset=\"https:\/\/evocagroupna.com\/wp-content\/uploads\/2022\/09\/our-team_evoca-north-america_img1.png 413w, https:\/\/evocagroupna.com\/wp-content\/uploads\/2022\/09\/our-team_evoca-north-america_img1-201x300.png 201w\" sizes=\"(max-width: 413px) 100vw, 413px\" \/>\t\t\t\t\t\t\t\t\t\t\t\t\t\t\t<\/div>\n\t\t\t\t<\/div>\n\t\t\t\t<div class=\"elementor-element elementor-element-da4d3f6 elementor-widget elementor-widget-image\" data-id=\"da4d3f6\" data-element_type=\"widget\" data-widget_type=\"image.default\">\n\t\t\t\t<div class=\"elementor-widget-container\">\n\t\t\t\t\t\t\t\t\t\t\t\t\t\t\t<img loading=\"lazy\" decoding=\"async\" width=\"413\" height=\"617\" src=\"https:\/\/evocagroupna.com\/wp-content\/uploads\/2022\/09\/our-team_evoca-north-america_img2.png\" class=\"attachment-large size-large wp-image-2326\" alt=\"\" srcset=\"https:\/\/evocagroupna.com\/wp-content\/uploads\/2022\/09\/our-team_evoca-north-america_img2.png 413w, https:\/\/evocagroupna.com\/wp-content\/uploads\/2022\/09\/our-team_evoca-north-america_img2-201x300.png 201w\" sizes=\"(max-width: 413px) 100vw, 413px\" \/>\t\t\t\t\t\t\t\t\t\t\t\t\t\t\t<\/div>\n\t\t\t\t<\/div>\n\t\t\t\t\t<\/div>\n\t\t<\/div>\n\t\t\t\t\t<\/div>\n\t\t<\/section>\n\t\t\t\t<\/div>\n\t\t","protected":false},"excerpt":{"rendered":"<p>notre \u00e9quipe Peu importe o\u00f9 vous vous trouvez, un de nos agents est \u00e0 proximit\u00e9. Notre \u00e9quipe Peu importe o\u00f9 vous vous trouvez, un de nos agents est \u00e0 proximit\u00e9. Contactez-nous L&rsquo;\u00e9quipe d&rsquo;Evoca Am\u00e9rique du Nord Nous sommes convaincus que nos clients et partenaires devraient pouvoir joindre la bonne personne rapidement lorsqu\u2019ils en ont besoin. [&hellip;]<\/p>\n","protected":false},"author":5,"featured_media":0,"parent":0,"menu_order":0,"comment_status":"closed","ping_status":"closed","template":"","meta":{"_acf_changed":false,"content-type":"","inline_featured_image":false,"footnotes":""},"class_list":["post-3994","page","type-page","status-publish","hentry"],"acf":[],"yoast_head":"<!-- This site is optimized with the Yoast SEO plugin v25.8 - https:\/\/yoast.com\/wordpress\/plugins\/seo\/ -->\n<title>Notre \u00e9quipe - Evoca North America<\/title>\n<meta name=\"robots\" content=\"index, follow, max-snippet:-1, max-image-preview:large, max-video-preview:-1\" \/>\n<link rel=\"canonical\" href=\"https:\/\/evocagroupna.com\/fr\/notre-equipe\/\" \/>\n<meta property=\"og:locale\" content=\"fr_FR\" \/>\n<meta property=\"og:type\" content=\"article\" \/>\n<meta property=\"og:title\" content=\"Notre \u00e9quipe - Evoca North America\" \/>\n<meta property=\"og:description\" content=\"notre \u00e9quipe Peu importe o\u00f9 vous vous trouvez, un de nos agents est \u00e0 proximit\u00e9. Notre \u00e9quipe Peu importe o\u00f9 vous vous trouvez, un de nos agents est \u00e0 proximit\u00e9. Contactez-nous L&rsquo;\u00e9quipe d&rsquo;Evoca Am\u00e9rique du Nord Nous sommes convaincus que nos clients et partenaires devraient pouvoir joindre la bonne personne rapidement lorsqu\u2019ils en ont besoin. [&hellip;]\" \/>\n<meta property=\"og:url\" content=\"https:\/\/evocagroupna.com\/fr\/notre-equipe\/\" \/>\n<meta property=\"og:site_name\" content=\"Evoca North America\" \/>\n<meta property=\"article:modified_time\" content=\"2024-04-12T19:34:57+00:00\" \/>\n<meta property=\"og:image\" content=\"https:\/\/evocagroupna.com\/wp-content\/uploads\/2024\/04\/OurTeam.svg\" \/>\n<meta name=\"twitter:card\" content=\"summary_large_image\" \/>\n<meta name=\"twitter:label1\" content=\"Dur\u00e9e de lecture estim\u00e9e\" \/>\n\t<meta name=\"twitter:data1\" content=\"3 minutes\" \/>\n<script type=\"application\/ld+json\" class=\"yoast-schema-graph\">{\"@context\":\"https:\/\/schema.org\",\"@graph\":[{\"@type\":\"WebPage\",\"@id\":\"https:\/\/evocagroupna.com\/fr\/notre-equipe\/\",\"url\":\"https:\/\/evocagroupna.com\/fr\/notre-equipe\/\",\"name\":\"Notre \u00e9quipe - Evoca North America\",\"isPartOf\":{\"@id\":\"https:\/\/evocagroupna.com\/fr\/#website\"},\"primaryImageOfPage\":{\"@id\":\"https:\/\/evocagroupna.com\/fr\/notre-equipe\/#primaryimage\"},\"image\":{\"@id\":\"https:\/\/evocagroupna.com\/fr\/notre-equipe\/#primaryimage\"},\"thumbnailUrl\":\"https:\/\/evocagroupna.com\/wp-content\/uploads\/2024\/04\/OurTeam.svg\",\"datePublished\":\"2022-09-08T15:52:34+00:00\",\"dateModified\":\"2024-04-12T19:34:57+00:00\",\"breadcrumb\":{\"@id\":\"https:\/\/evocagroupna.com\/fr\/notre-equipe\/#breadcrumb\"},\"inLanguage\":\"fr-FR\",\"potentialAction\":[{\"@type\":\"ReadAction\",\"target\":[\"https:\/\/evocagroupna.com\/fr\/notre-equipe\/\"]}]},{\"@type\":\"ImageObject\",\"inLanguage\":\"fr-FR\",\"@id\":\"https:\/\/evocagroupna.com\/fr\/notre-equipe\/#primaryimage\",\"url\":\"https:\/\/evocagroupna.com\/wp-content\/uploads\/2024\/04\/OurTeam.svg\",\"contentUrl\":\"https:\/\/evocagroupna.com\/wp-content\/uploads\/2024\/04\/OurTeam.svg\"},{\"@type\":\"BreadcrumbList\",\"@id\":\"https:\/\/evocagroupna.com\/fr\/notre-equipe\/#breadcrumb\",\"itemListElement\":[{\"@type\":\"ListItem\",\"position\":1,\"name\":\"Home\",\"item\":\"https:\/\/evocagroupna.com\/fr\/\"},{\"@type\":\"ListItem\",\"position\":2,\"name\":\"Notre \u00e9quipe\"}]},{\"@type\":\"WebSite\",\"@id\":\"https:\/\/evocagroupna.com\/fr\/#website\",\"url\":\"https:\/\/evocagroupna.com\/fr\/\",\"name\":\"Evoca North America\",\"description\":\"Un site utilisant WordPress\",\"publisher\":{\"@id\":\"https:\/\/evocagroupna.com\/fr\/#organization\"},\"potentialAction\":[{\"@type\":\"SearchAction\",\"target\":{\"@type\":\"EntryPoint\",\"urlTemplate\":\"https:\/\/evocagroupna.com\/fr\/?s={search_term_string}\"},\"query-input\":{\"@type\":\"PropertyValueSpecification\",\"valueRequired\":true,\"valueName\":\"search_term_string\"}}],\"inLanguage\":\"fr-FR\"},{\"@type\":\"Organization\",\"@id\":\"https:\/\/evocagroupna.com\/fr\/#organization\",\"name\":\"Evoca North America\",\"url\":\"https:\/\/evocagroupna.com\/fr\/\",\"logo\":{\"@type\":\"ImageObject\",\"inLanguage\":\"fr-FR\",\"@id\":\"https:\/\/evocagroupna.com\/fr\/#\/schema\/logo\/image\/\",\"url\":\"https:\/\/evocagroupna.com\/wp-content\/uploads\/2024\/03\/EVOCA-NA_Carre_Couleur_RGB-2.png\",\"contentUrl\":\"https:\/\/evocagroupna.com\/wp-content\/uploads\/2024\/03\/EVOCA-NA_Carre_Couleur_RGB-2.png\",\"width\":1785,\"height\":1062,\"caption\":\"Evoca North America\"},\"image\":{\"@id\":\"https:\/\/evocagroupna.com\/fr\/#\/schema\/logo\/image\/\"}}]}<\/script>\n<!-- \/ Yoast SEO plugin. -->","yoast_head_json":{"title":"Notre \u00e9quipe - Evoca North America","robots":{"index":"index","follow":"follow","max-snippet":"max-snippet:-1","max-image-preview":"max-image-preview:large","max-video-preview":"max-video-preview:-1"},"canonical":"https:\/\/evocagroupna.com\/fr\/notre-equipe\/","og_locale":"fr_FR","og_type":"article","og_title":"Notre \u00e9quipe - Evoca North America","og_description":"notre \u00e9quipe Peu importe o\u00f9 vous vous trouvez, un de nos agents est \u00e0 proximit\u00e9. Notre \u00e9quipe Peu importe o\u00f9 vous vous trouvez, un de nos agents est \u00e0 proximit\u00e9. Contactez-nous L&rsquo;\u00e9quipe d&rsquo;Evoca Am\u00e9rique du Nord Nous sommes convaincus que nos clients et partenaires devraient pouvoir joindre la bonne personne rapidement lorsqu\u2019ils en ont besoin. [&hellip;]","og_url":"https:\/\/evocagroupna.com\/fr\/notre-equipe\/","og_site_name":"Evoca North America","article_modified_time":"2024-04-12T19:34:57+00:00","og_image":[{"url":"https:\/\/evocagroupna.com\/wp-content\/uploads\/2024\/04\/OurTeam.svg","type":"","width":"","height":""}],"twitter_card":"summary_large_image","twitter_misc":{"Dur\u00e9e de lecture estim\u00e9e":"3 minutes"},"schema":{"@context":"https:\/\/schema.org","@graph":[{"@type":"WebPage","@id":"https:\/\/evocagroupna.com\/fr\/notre-equipe\/","url":"https:\/\/evocagroupna.com\/fr\/notre-equipe\/","name":"Notre \u00e9quipe - Evoca North America","isPartOf":{"@id":"https:\/\/evocagroupna.com\/fr\/#website"},"primaryImageOfPage":{"@id":"https:\/\/evocagroupna.com\/fr\/notre-equipe\/#primaryimage"},"image":{"@id":"https:\/\/evocagroupna.com\/fr\/notre-equipe\/#primaryimage"},"thumbnailUrl":"https:\/\/evocagroupna.com\/wp-content\/uploads\/2024\/04\/OurTeam.svg","datePublished":"2022-09-08T15:52:34+00:00","dateModified":"2024-04-12T19:34:57+00:00","breadcrumb":{"@id":"https:\/\/evocagroupna.com\/fr\/notre-equipe\/#breadcrumb"},"inLanguage":"fr-FR","potentialAction":[{"@type":"ReadAction","target":["https:\/\/evocagroupna.com\/fr\/notre-equipe\/"]}]},{"@type":"ImageObject","inLanguage":"fr-FR","@id":"https:\/\/evocagroupna.com\/fr\/notre-equipe\/#primaryimage","url":"https:\/\/evocagroupna.com\/wp-content\/uploads\/2024\/04\/OurTeam.svg","contentUrl":"https:\/\/evocagroupna.com\/wp-content\/uploads\/2024\/04\/OurTeam.svg"},{"@type":"BreadcrumbList","@id":"https:\/\/evocagroupna.com\/fr\/notre-equipe\/#breadcrumb","itemListElement":[{"@type":"ListItem","position":1,"name":"Home","item":"https:\/\/evocagroupna.com\/fr\/"},{"@type":"ListItem","position":2,"name":"Notre \u00e9quipe"}]},{"@type":"WebSite","@id":"https:\/\/evocagroupna.com\/fr\/#website","url":"https:\/\/evocagroupna.com\/fr\/","name":"Evoca North America","description":"Un site utilisant WordPress","publisher":{"@id":"https:\/\/evocagroupna.com\/fr\/#organization"},"potentialAction":[{"@type":"SearchAction","target":{"@type":"EntryPoint","urlTemplate":"https:\/\/evocagroupna.com\/fr\/?s={search_term_string}"},"query-input":{"@type":"PropertyValueSpecification","valueRequired":true,"valueName":"search_term_string"}}],"inLanguage":"fr-FR"},{"@type":"Organization","@id":"https:\/\/evocagroupna.com\/fr\/#organization","name":"Evoca North America","url":"https:\/\/evocagroupna.com\/fr\/","logo":{"@type":"ImageObject","inLanguage":"fr-FR","@id":"https:\/\/evocagroupna.com\/fr\/#\/schema\/logo\/image\/","url":"https:\/\/evocagroupna.com\/wp-content\/uploads\/2024\/03\/EVOCA-NA_Carre_Couleur_RGB-2.png","contentUrl":"https:\/\/evocagroupna.com\/wp-content\/uploads\/2024\/03\/EVOCA-NA_Carre_Couleur_RGB-2.png","width":1785,"height":1062,"caption":"Evoca North America"},"image":{"@id":"https:\/\/evocagroupna.com\/fr\/#\/schema\/logo\/image\/"}}]}},"_links":{"self":[{"href":"https:\/\/evocagroupna.com\/fr\/wp-json\/wp\/v2\/pages\/3994","targetHints":{"allow":["GET"]}}],"collection":[{"href":"https:\/\/evocagroupna.com\/fr\/wp-json\/wp\/v2\/pages"}],"about":[{"href":"https:\/\/evocagroupna.com\/fr\/wp-json\/wp\/v2\/types\/page"}],"author":[{"embeddable":true,"href":"https:\/\/evocagroupna.com\/fr\/wp-json\/wp\/v2\/users\/5"}],"replies":[{"embeddable":true,"href":"https:\/\/evocagroupna.com\/fr\/wp-json\/wp\/v2\/comments?post=3994"}],"version-history":[{"count":10,"href":"https:\/\/evocagroupna.com\/fr\/wp-json\/wp\/v2\/pages\/3994\/revisions"}],"predecessor-version":[{"id":12945,"href":"https:\/\/evocagroupna.com\/fr\/wp-json\/wp\/v2\/pages\/3994\/revisions\/12945"}],"wp:attachment":[{"href":"https:\/\/evocagroupna.com\/fr\/wp-json\/wp\/v2\/media?parent=3994"}],"curies":[{"name":"wp","href":"https:\/\/api.w.org\/{rel}","templated":true}]}}