{"id":9468,"date":"2022-09-07T16:15:04","date_gmt":"2022-09-07T20:15:04","guid":{"rendered":"https:\/\/evocagroupna.com\/solutions-en-ligne\/application-programming-interface\/"},"modified":"2024-04-15T15:11:26","modified_gmt":"2024-04-15T19:11:26","slug":"api","status":"publish","type":"page","link":"https:\/\/evocagroupna.com\/fr\/solutions-en-ligne\/api\/","title":{"rendered":"Interface de programmation d\u2019application"},"content":{"rendered":"\t\t<div data-elementor-type=\"wp-page\" data-elementor-id=\"9468\" class=\"elementor elementor-9468 elementor-1374\" data-elementor-post-type=\"page\">\n\t\t\t\t\t\t<section class=\"elementor-section elementor-top-section elementor-element elementor-element-98d83e7 elementor-hidden-tablet elementor-hidden-mobile elementor-section-height-min-height elementor-section-items-stretch elementor-section-boxed elementor-section-height-default\" data-id=\"98d83e7\" data-element_type=\"section\" id=\"api-hero\" data-settings=\"{&quot;background_background&quot;:&quot;classic&quot;}\">\n\t\t\t\t\t\t<div class=\"elementor-container elementor-column-gap-no\">\n\t\t\t\t\t<div class=\"elementor-column elementor-col-50 elementor-top-column elementor-element elementor-element-4a0970c\" data-id=\"4a0970c\" data-element_type=\"column\">\n\t\t\t<div class=\"elementor-widget-wrap elementor-element-populated\">\n\t\t\t\t\t\t<div class=\"elementor-element elementor-element-6e7a319 elementor-widget elementor-widget-heading\" data-id=\"6e7a319\" data-element_type=\"widget\" data-widget_type=\"heading.default\">\n\t\t\t\t<div class=\"elementor-widget-container\">\n\t\t\t\t\t<h1 class=\"elementor-heading-title elementor-size-default\">interface de programmation d\u2019application (API)<\/h1>\t\t\t\t<\/div>\n\t\t\t\t<\/div>\n\t\t\t\t<div class=\"elementor-element elementor-element-36e7769 elementor-widget__width-auto elementor-absolute elementor-widget elementor-widget-button\" data-id=\"36e7769\" data-element_type=\"widget\" data-settings=\"{&quot;_position&quot;:&quot;absolute&quot;}\" data-widget_type=\"button.default\">\n\t\t\t\t<div class=\"elementor-widget-container\">\n\t\t\t\t\t\t\t\t\t<div class=\"elementor-button-wrapper\">\n\t\t\t\t\t<a class=\"elementor-button elementor-button-link elementor-size-sm\" href=\"\/fr\/solutions-en-ligne\/\">\n\t\t\t\t\t\t<span class=\"elementor-button-content-wrapper\">\n\t\t\t\t\t\t<span class=\"elementor-button-icon\">\n\t\t\t\t<i aria-hidden=\"true\" class=\"fas fa-chevron-left\"><\/i>\t\t\t<\/span>\n\t\t\t\t\t\t\t\t\t<span class=\"elementor-button-text\">Retour aux solutions en ligne<\/span>\n\t\t\t\t\t<\/span>\n\t\t\t\t\t<\/a>\n\t\t\t\t<\/div>\n\t\t\t\t\t\t\t\t<\/div>\n\t\t\t\t<\/div>\n\t\t\t\t\t<\/div>\n\t\t<\/div>\n\t\t\t\t<div class=\"elementor-column elementor-col-50 elementor-top-column elementor-element elementor-element-2619274\" data-id=\"2619274\" data-element_type=\"column\">\n\t\t\t<div class=\"elementor-widget-wrap elementor-element-populated\">\n\t\t\t\t\t\t<div class=\"elementor-element elementor-element-85086b9 elementor-widget elementor-widget-image\" data-id=\"85086b9\" data-element_type=\"widget\" data-widget_type=\"image.default\">\n\t\t\t\t<div class=\"elementor-widget-container\">\n\t\t\t\t\t\t\t\t\t\t\t\t\t\t\t<img decoding=\"async\" width=\"1\" height=\"1\" src=\"https:\/\/evocagroupna.com\/wp-content\/uploads\/2022\/10\/Logo_API.svg\" class=\"attachment-large size-large wp-image-8901\" alt=\"\" \/>\t\t\t\t\t\t\t\t\t\t\t\t\t\t\t<\/div>\n\t\t\t\t<\/div>\n\t\t\t\t<div class=\"elementor-element elementor-element-8f6999c elementor-widget elementor-widget-text-editor\" data-id=\"8f6999c\" data-element_type=\"widget\" data-widget_type=\"text-editor.default\">\n\t\t\t\t<div class=\"elementor-widget-container\">\n\t\t\t\t\t\t\t\t\tLes donn\u00e9es de vos machines, o\u00f9 et quand vous les voulez.\t\t\t\t\t\t\t\t<\/div>\n\t\t\t\t<\/div>\n\t\t\t\t<div class=\"elementor-element elementor-element-40c5510 elementor-align-center elementor-widget__width-auto elementor-absolute elementor-widget elementor-widget-button\" data-id=\"40c5510\" data-element_type=\"widget\" data-settings=\"{&quot;_position&quot;:&quot;absolute&quot;}\" data-widget_type=\"button.default\">\n\t\t\t\t<div class=\"elementor-widget-container\">\n\t\t\t\t\t\t\t\t\t<div class=\"elementor-button-wrapper\">\n\t\t\t\t\t<a class=\"elementor-button elementor-button-link elementor-size-sm\" href=\"#about-api\">\n\t\t\t\t\t\t<span class=\"elementor-button-content-wrapper\">\n\t\t\t\t\t\t\t\t\t<span class=\"elementor-button-text\">D\u00e9couvrir les API<\/span>\n\t\t\t\t\t<\/span>\n\t\t\t\t\t<\/a>\n\t\t\t\t<\/div>\n\t\t\t\t\t\t\t\t<\/div>\n\t\t\t\t<\/div>\n\t\t\t\t\t<\/div>\n\t\t<\/div>\n\t\t\t\t\t<\/div>\n\t\t<\/section>\n\t\t\t\t<section class=\"elementor-section elementor-top-section elementor-element elementor-element-9169639 elementor-hidden-desktop elementor-section-boxed elementor-section-height-default elementor-section-height-default\" data-id=\"9169639\" data-element_type=\"section\" data-settings=\"{&quot;background_background&quot;:&quot;classic&quot;}\">\n\t\t\t\t\t\t<div class=\"elementor-container elementor-column-gap-no\">\n\t\t\t\t\t<div class=\"elementor-column elementor-col-100 elementor-top-column elementor-element elementor-element-89b353d\" data-id=\"89b353d\" data-element_type=\"column\">\n\t\t\t<div class=\"elementor-widget-wrap elementor-element-populated\">\n\t\t\t\t\t\t<section class=\"elementor-section elementor-inner-section elementor-element elementor-element-5e7c188 elementor-section-height-min-height elementor-section-boxed elementor-section-height-default\" data-id=\"5e7c188\" data-element_type=\"section\" data-settings=\"{&quot;background_background&quot;:&quot;classic&quot;}\">\n\t\t\t\t\t\t<div class=\"elementor-container elementor-column-gap-no\">\n\t\t\t\t\t<div class=\"elementor-column elementor-col-100 elementor-inner-column elementor-element elementor-element-d1453e0\" data-id=\"d1453e0\" data-element_type=\"column\">\n\t\t\t<div class=\"elementor-widget-wrap elementor-element-populated\">\n\t\t\t\t\t\t<div class=\"elementor-element elementor-element-fca776e elementor-widget elementor-widget-button\" data-id=\"fca776e\" data-element_type=\"widget\" data-widget_type=\"button.default\">\n\t\t\t\t<div class=\"elementor-widget-container\">\n\t\t\t\t\t\t\t\t\t<div class=\"elementor-button-wrapper\">\n\t\t\t\t\t<a class=\"elementor-button elementor-button-link elementor-size-sm\" href=\"https:\/\/evocagroupna.com\/fr\/solutions-en-ligne\/\">\n\t\t\t\t\t\t<span class=\"elementor-button-content-wrapper\">\n\t\t\t\t\t\t<span class=\"elementor-button-icon\">\n\t\t\t\t<i aria-hidden=\"true\" class=\"fas fa-chevron-left\"><\/i>\t\t\t<\/span>\n\t\t\t\t\t\t\t\t\t<span class=\"elementor-button-text\">Back to Online Solutions<\/span>\n\t\t\t\t\t<\/span>\n\t\t\t\t\t<\/a>\n\t\t\t\t<\/div>\n\t\t\t\t\t\t\t\t<\/div>\n\t\t\t\t<\/div>\n\t\t\t\t<div class=\"elementor-element elementor-element-6669b09 elementor-widget elementor-widget-heading\" data-id=\"6669b09\" data-element_type=\"widget\" data-widget_type=\"heading.default\">\n\t\t\t\t<div class=\"elementor-widget-container\">\n\t\t\t\t\t<h1 class=\"elementor-heading-title elementor-size-default\">Interface de programmation d\u2019application <\/h1>\t\t\t\t<\/div>\n\t\t\t\t<\/div>\n\t\t\t\t\t<\/div>\n\t\t<\/div>\n\t\t\t\t\t<\/div>\n\t\t<\/section>\n\t\t\t\t<section class=\"elementor-section elementor-inner-section elementor-element elementor-element-741887d elementor-section-boxed elementor-section-height-default elementor-section-height-default\" data-id=\"741887d\" data-element_type=\"section\" data-settings=\"{&quot;background_background&quot;:&quot;classic&quot;}\">\n\t\t\t\t\t\t<div class=\"elementor-container elementor-column-gap-no\">\n\t\t\t\t\t<div class=\"elementor-column elementor-col-100 elementor-inner-column elementor-element elementor-element-8c50573\" data-id=\"8c50573\" data-element_type=\"column\">\n\t\t\t<div class=\"elementor-widget-wrap elementor-element-populated\">\n\t\t\t\t\t\t<div class=\"elementor-element elementor-element-de76d54 elementor-widget elementor-widget-image\" data-id=\"de76d54\" data-element_type=\"widget\" data-widget_type=\"image.default\">\n\t\t\t\t<div class=\"elementor-widget-container\">\n\t\t\t\t\t\t\t\t\t\t\t\t\t\t\t<img decoding=\"async\" width=\"1\" height=\"1\" src=\"https:\/\/evocagroupna.com\/wp-content\/uploads\/2022\/10\/Logo_API.svg\" class=\"attachment-large size-large wp-image-8901\" alt=\"\" \/>\t\t\t\t\t\t\t\t\t\t\t\t\t\t\t<\/div>\n\t\t\t\t<\/div>\n\t\t\t\t<div class=\"elementor-element elementor-element-00f1add elementor-widget elementor-widget-text-editor\" data-id=\"00f1add\" data-element_type=\"widget\" data-widget_type=\"text-editor.default\">\n\t\t\t\t<div class=\"elementor-widget-container\">\n\t\t\t\t\t\t\t\t\t<p>Les donn\u00e9es de vos machines o\u00f9 et quand vous les voulez<\/p>\t\t\t\t\t\t\t\t<\/div>\n\t\t\t\t<\/div>\n\t\t\t\t<div class=\"elementor-element elementor-element-4f08ea4 elementor-align-center elementor-widget elementor-widget-button\" data-id=\"4f08ea4\" data-element_type=\"widget\" data-widget_type=\"button.default\">\n\t\t\t\t<div class=\"elementor-widget-container\">\n\t\t\t\t\t\t\t\t\t<div class=\"elementor-button-wrapper\">\n\t\t\t\t\t<a class=\"elementor-button elementor-button-link elementor-size-sm\" href=\"#about-api\">\n\t\t\t\t\t\t<span class=\"elementor-button-content-wrapper\">\n\t\t\t\t\t\t\t\t\t<span class=\"elementor-button-text\">D\u00e9couvrir les API<\/span>\n\t\t\t\t\t<\/span>\n\t\t\t\t\t<\/a>\n\t\t\t\t<\/div>\n\t\t\t\t\t\t\t\t<\/div>\n\t\t\t\t<\/div>\n\t\t\t\t\t<\/div>\n\t\t<\/div>\n\t\t\t\t\t<\/div>\n\t\t<\/section>\n\t\t\t\t\t<\/div>\n\t\t<\/div>\n\t\t\t\t\t<\/div>\n\t\t<\/section>\n\t\t\t\t<section class=\"elementor-section elementor-top-section elementor-element elementor-element-0690e41 elementor-section-height-min-height elementor-section-items-stretch elementor-section-boxed elementor-section-height-default\" data-id=\"0690e41\" data-element_type=\"section\" data-settings=\"{&quot;background_background&quot;:&quot;gradient&quot;}\">\n\t\t\t\t\t\t<div class=\"elementor-container elementor-column-gap-no\">\n\t\t\t\t\t<div class=\"elementor-column elementor-col-50 elementor-top-column elementor-element elementor-element-72b3f0f\" data-id=\"72b3f0f\" data-element_type=\"column\">\n\t\t\t<div class=\"elementor-widget-wrap elementor-element-populated\">\n\t\t\t\t\t\t<div class=\"elementor-element elementor-element-b095ad8 elementor-widget elementor-widget-heading\" data-id=\"b095ad8\" data-element_type=\"widget\" data-widget_type=\"heading.default\">\n\t\t\t\t<div class=\"elementor-widget-container\">\n\t\t\t\t\t<h2 class=\"elementor-heading-title elementor-size-default\">Service d\u2019API personnalis\u00e9e\n<\/h2>\t\t\t\t<\/div>\n\t\t\t\t<\/div>\n\t\t\t\t<div class=\"elementor-element elementor-element-d2fdfa5 elementor-absolute elementor-widget elementor-widget-menu-anchor\" data-id=\"d2fdfa5\" data-element_type=\"widget\" data-settings=\"{&quot;_position&quot;:&quot;absolute&quot;}\" data-widget_type=\"menu-anchor.default\">\n\t\t\t\t<div class=\"elementor-widget-container\">\n\t\t\t\t\t\t\t<div class=\"elementor-menu-anchor\" id=\"about-api\"><\/div>\n\t\t\t\t\t\t<\/div>\n\t\t\t\t<\/div>\n\t\t\t\t<div class=\"elementor-element elementor-element-2894e32 elementor-widget elementor-widget-text-editor\" data-id=\"2894e32\" data-element_type=\"widget\" data-widget_type=\"text-editor.default\">\n\t\t\t\t<div class=\"elementor-widget-container\">\n\t\t\t\t\t\t\t\t\t<p><span style=\"font-weight: 400;\">Une interface de programmation d\u2019application (API) permet \u00e0 deux logiciels ind\u00e9pendants de communiquer entre eux par internet, et ce, avec peu ou pas d\u2019intervention humaine. Avec l\u2019offre toujours grandissante de logiciels et d\u2019applications disponibles, les API sont de plus en plus pratiques et populaires.<\/span><\/p><p><span style=\"font-weight: 400;\">Concr\u00e8tement pour vous, une API personnalis\u00e9e permet de connecter vos cafeti\u00e8res et transmettre leurs donn\u00e9es directement dans les applications et les logiciels que vous utilisez. Vous pouvez alors int\u00e9grer ces donn\u00e9es et analyser la performance de vos machines \u00e0 m\u00eame les outils que vous connaissez.<\/span><\/p><p><span style=\"font-weight: 400;\">Nos interfaces de programmation d\u2019application sont compl\u00e8tement s\u00e9curitaires et rencontrent toutes les exigences pour assurer l\u2019int\u00e9grit\u00e9 de vos syst\u00e8mes et la protection de vos donn\u00e9es.<\/span><\/p>\t\t\t\t\t\t\t\t<\/div>\n\t\t\t\t<\/div>\n\t\t\t\t\t<\/div>\n\t\t<\/div>\n\t\t\t\t<div class=\"elementor-column elementor-col-50 elementor-top-column elementor-element elementor-element-118ad04\" data-id=\"118ad04\" data-element_type=\"column\">\n\t\t\t<div class=\"elementor-widget-wrap elementor-element-populated\">\n\t\t\t\t\t\t<div class=\"elementor-element elementor-element-788121b elementor-widget elementor-widget-image\" data-id=\"788121b\" data-element_type=\"widget\" data-widget_type=\"image.default\">\n\t\t\t\t<div class=\"elementor-widget-container\">\n\t\t\t\t\t\t\t\t\t\t\t\t\t\t\t<img fetchpriority=\"high\" decoding=\"async\" width=\"390\" height=\"583\" src=\"https:\/\/evocagroupna.com\/wp-content\/uploads\/2022\/10\/Image_API-About.jpg\" class=\"attachment-large size-large wp-image-8272\" alt=\"\" srcset=\"https:\/\/evocagroupna.com\/wp-content\/uploads\/2022\/10\/Image_API-About.jpg 390w, https:\/\/evocagroupna.com\/wp-content\/uploads\/2022\/10\/Image_API-About-201x300.jpg 201w\" sizes=\"(max-width: 390px) 100vw, 390px\" \/>\t\t\t\t\t\t\t\t\t\t\t\t\t\t\t<\/div>\n\t\t\t\t<\/div>\n\t\t\t\t<div class=\"elementor-element elementor-element-866ca33 elementor-align-right elementor-hidden-tablet elementor-hidden-mobile elementor-absolute elementor-widget elementor-widget-button\" data-id=\"866ca33\" data-element_type=\"widget\" data-settings=\"{&quot;_position&quot;:&quot;absolute&quot;}\" data-widget_type=\"button.default\">\n\t\t\t\t<div class=\"elementor-widget-container\">\n\t\t\t\t\t\t\t\t\t<div class=\"elementor-button-wrapper\">\n\t\t\t\t\t<a class=\"elementor-button elementor-button-link elementor-size-sm\" href=\"#api-hero\">\n\t\t\t\t\t\t<span class=\"elementor-button-content-wrapper\">\n\t\t\t\t\t\t<span class=\"elementor-button-icon\">\n\t\t\t\t<i aria-hidden=\"true\" class=\"fas fa-chevron-up\"><\/i>\t\t\t<\/span>\n\t\t\t\t\t\t\t\t<\/span>\n\t\t\t\t\t<\/a>\n\t\t\t\t<\/div>\n\t\t\t\t\t\t\t\t<\/div>\n\t\t\t\t<\/div>\n\t\t\t\t\t<\/div>\n\t\t<\/div>\n\t\t\t\t\t<\/div>\n\t\t<\/section>\n\t\t\t\t<\/div>\n\t\t","protected":false},"excerpt":{"rendered":"<p>interface de programmation d\u2019application (API) Retour aux solutions en ligne Les donn\u00e9es de vos machines, o\u00f9 et quand vous les voulez. D\u00e9couvrir les API Back to Online Solutions Interface de programmation d\u2019application Les donn\u00e9es de vos machines o\u00f9 et quand vous les voulez D\u00e9couvrir les API Service d\u2019API personnalis\u00e9e Une interface de programmation d\u2019application (API) [&hellip;]<\/p>\n","protected":false},"author":5,"featured_media":0,"parent":3959,"menu_order":3,"comment_status":"closed","ping_status":"closed","template":"","meta":{"_acf_changed":false,"content-type":"","inline_featured_image":false,"footnotes":""},"class_list":["post-9468","page","type-page","status-publish","hentry"],"acf":[],"yoast_head":"<!-- This site is optimized with the Yoast SEO plugin v25.8 - https:\/\/yoast.com\/wordpress\/plugins\/seo\/ -->\n<title>Interface de programmation d\u2019application - Evoca North America<\/title>\n<meta name=\"robots\" content=\"index, follow, max-snippet:-1, max-image-preview:large, max-video-preview:-1\" \/>\n<link rel=\"canonical\" href=\"https:\/\/evocagroupna.com\/fr\/solutions-en-ligne\/api\/\" \/>\n<meta property=\"og:locale\" content=\"fr_FR\" \/>\n<meta property=\"og:type\" content=\"article\" \/>\n<meta property=\"og:title\" content=\"Interface de programmation d\u2019application - Evoca North America\" \/>\n<meta property=\"og:description\" content=\"interface de programmation d\u2019application (API) Retour aux solutions en ligne Les donn\u00e9es de vos machines, o\u00f9 et quand vous les voulez. D\u00e9couvrir les API Back to Online Solutions Interface de programmation d\u2019application Les donn\u00e9es de vos machines o\u00f9 et quand vous les voulez D\u00e9couvrir les API Service d\u2019API personnalis\u00e9e Une interface de programmation d\u2019application (API) [&hellip;]\" \/>\n<meta property=\"og:url\" content=\"https:\/\/evocagroupna.com\/fr\/solutions-en-ligne\/api\/\" \/>\n<meta property=\"og:site_name\" content=\"Evoca North America\" \/>\n<meta property=\"article:modified_time\" content=\"2024-04-15T19:11:26+00:00\" \/>\n<meta property=\"og:image\" content=\"https:\/\/evocagroupna.com\/wp-content\/uploads\/2022\/10\/Logo_API.svg\" \/>\n<meta name=\"twitter:card\" content=\"summary_large_image\" \/>\n<meta name=\"twitter:label1\" content=\"Dur\u00e9e de lecture estim\u00e9e\" \/>\n\t<meta name=\"twitter:data1\" content=\"2 minutes\" \/>\n<script type=\"application\/ld+json\" class=\"yoast-schema-graph\">{\"@context\":\"https:\/\/schema.org\",\"@graph\":[{\"@type\":\"WebPage\",\"@id\":\"https:\/\/evocagroupna.com\/fr\/solutions-en-ligne\/api\/\",\"url\":\"https:\/\/evocagroupna.com\/fr\/solutions-en-ligne\/api\/\",\"name\":\"Interface de programmation d\u2019application - Evoca North America\",\"isPartOf\":{\"@id\":\"https:\/\/evocagroupna.com\/fr\/#website\"},\"primaryImageOfPage\":{\"@id\":\"https:\/\/evocagroupna.com\/fr\/solutions-en-ligne\/api\/#primaryimage\"},\"image\":{\"@id\":\"https:\/\/evocagroupna.com\/fr\/solutions-en-ligne\/api\/#primaryimage\"},\"thumbnailUrl\":\"https:\/\/evocagroupna.com\/wp-content\/uploads\/2022\/10\/Logo_API.svg\",\"datePublished\":\"2022-09-07T20:15:04+00:00\",\"dateModified\":\"2024-04-15T19:11:26+00:00\",\"breadcrumb\":{\"@id\":\"https:\/\/evocagroupna.com\/fr\/solutions-en-ligne\/api\/#breadcrumb\"},\"inLanguage\":\"fr-FR\",\"potentialAction\":[{\"@type\":\"ReadAction\",\"target\":[\"https:\/\/evocagroupna.com\/fr\/solutions-en-ligne\/api\/\"]}]},{\"@type\":\"ImageObject\",\"inLanguage\":\"fr-FR\",\"@id\":\"https:\/\/evocagroupna.com\/fr\/solutions-en-ligne\/api\/#primaryimage\",\"url\":\"https:\/\/evocagroupna.com\/wp-content\/uploads\/2022\/10\/Logo_API.svg\",\"contentUrl\":\"https:\/\/evocagroupna.com\/wp-content\/uploads\/2022\/10\/Logo_API.svg\"},{\"@type\":\"BreadcrumbList\",\"@id\":\"https:\/\/evocagroupna.com\/fr\/solutions-en-ligne\/api\/#breadcrumb\",\"itemListElement\":[{\"@type\":\"ListItem\",\"position\":1,\"name\":\"Home\",\"item\":\"https:\/\/evocagroupna.com\/fr\/\"},{\"@type\":\"ListItem\",\"position\":2,\"name\":\"Solutions en ligne\",\"item\":\"https:\/\/evocagroupna.com\/fr\/solutions-en-ligne\/\"},{\"@type\":\"ListItem\",\"position\":3,\"name\":\"Interface de programmation d\u2019application\"}]},{\"@type\":\"WebSite\",\"@id\":\"https:\/\/evocagroupna.com\/fr\/#website\",\"url\":\"https:\/\/evocagroupna.com\/fr\/\",\"name\":\"Evoca North America\",\"description\":\"Un site utilisant WordPress\",\"publisher\":{\"@id\":\"https:\/\/evocagroupna.com\/fr\/#organization\"},\"potentialAction\":[{\"@type\":\"SearchAction\",\"target\":{\"@type\":\"EntryPoint\",\"urlTemplate\":\"https:\/\/evocagroupna.com\/fr\/?s={search_term_string}\"},\"query-input\":{\"@type\":\"PropertyValueSpecification\",\"valueRequired\":true,\"valueName\":\"search_term_string\"}}],\"inLanguage\":\"fr-FR\"},{\"@type\":\"Organization\",\"@id\":\"https:\/\/evocagroupna.com\/fr\/#organization\",\"name\":\"Evoca North America\",\"url\":\"https:\/\/evocagroupna.com\/fr\/\",\"logo\":{\"@type\":\"ImageObject\",\"inLanguage\":\"fr-FR\",\"@id\":\"https:\/\/evocagroupna.com\/fr\/#\/schema\/logo\/image\/\",\"url\":\"https:\/\/evocagroupna.com\/wp-content\/uploads\/2024\/03\/EVOCA-NA_Carre_Couleur_RGB-2.png\",\"contentUrl\":\"https:\/\/evocagroupna.com\/wp-content\/uploads\/2024\/03\/EVOCA-NA_Carre_Couleur_RGB-2.png\",\"width\":1785,\"height\":1062,\"caption\":\"Evoca North America\"},\"image\":{\"@id\":\"https:\/\/evocagroupna.com\/fr\/#\/schema\/logo\/image\/\"}}]}<\/script>\n<!-- \/ Yoast SEO plugin. -->","yoast_head_json":{"title":"Interface de programmation d\u2019application - Evoca North America","robots":{"index":"index","follow":"follow","max-snippet":"max-snippet:-1","max-image-preview":"max-image-preview:large","max-video-preview":"max-video-preview:-1"},"canonical":"https:\/\/evocagroupna.com\/fr\/solutions-en-ligne\/api\/","og_locale":"fr_FR","og_type":"article","og_title":"Interface de programmation d\u2019application - Evoca North America","og_description":"interface de programmation d\u2019application (API) Retour aux solutions en ligne Les donn\u00e9es de vos machines, o\u00f9 et quand vous les voulez. D\u00e9couvrir les API Back to Online Solutions Interface de programmation d\u2019application Les donn\u00e9es de vos machines o\u00f9 et quand vous les voulez D\u00e9couvrir les API Service d\u2019API personnalis\u00e9e Une interface de programmation d\u2019application (API) [&hellip;]","og_url":"https:\/\/evocagroupna.com\/fr\/solutions-en-ligne\/api\/","og_site_name":"Evoca North America","article_modified_time":"2024-04-15T19:11:26+00:00","og_image":[{"url":"https:\/\/evocagroupna.com\/wp-content\/uploads\/2022\/10\/Logo_API.svg","type":"","width":"","height":""}],"twitter_card":"summary_large_image","twitter_misc":{"Dur\u00e9e de lecture estim\u00e9e":"2 minutes"},"schema":{"@context":"https:\/\/schema.org","@graph":[{"@type":"WebPage","@id":"https:\/\/evocagroupna.com\/fr\/solutions-en-ligne\/api\/","url":"https:\/\/evocagroupna.com\/fr\/solutions-en-ligne\/api\/","name":"Interface de programmation d\u2019application - Evoca North America","isPartOf":{"@id":"https:\/\/evocagroupna.com\/fr\/#website"},"primaryImageOfPage":{"@id":"https:\/\/evocagroupna.com\/fr\/solutions-en-ligne\/api\/#primaryimage"},"image":{"@id":"https:\/\/evocagroupna.com\/fr\/solutions-en-ligne\/api\/#primaryimage"},"thumbnailUrl":"https:\/\/evocagroupna.com\/wp-content\/uploads\/2022\/10\/Logo_API.svg","datePublished":"2022-09-07T20:15:04+00:00","dateModified":"2024-04-15T19:11:26+00:00","breadcrumb":{"@id":"https:\/\/evocagroupna.com\/fr\/solutions-en-ligne\/api\/#breadcrumb"},"inLanguage":"fr-FR","potentialAction":[{"@type":"ReadAction","target":["https:\/\/evocagroupna.com\/fr\/solutions-en-ligne\/api\/"]}]},{"@type":"ImageObject","inLanguage":"fr-FR","@id":"https:\/\/evocagroupna.com\/fr\/solutions-en-ligne\/api\/#primaryimage","url":"https:\/\/evocagroupna.com\/wp-content\/uploads\/2022\/10\/Logo_API.svg","contentUrl":"https:\/\/evocagroupna.com\/wp-content\/uploads\/2022\/10\/Logo_API.svg"},{"@type":"BreadcrumbList","@id":"https:\/\/evocagroupna.com\/fr\/solutions-en-ligne\/api\/#breadcrumb","itemListElement":[{"@type":"ListItem","position":1,"name":"Home","item":"https:\/\/evocagroupna.com\/fr\/"},{"@type":"ListItem","position":2,"name":"Solutions en ligne","item":"https:\/\/evocagroupna.com\/fr\/solutions-en-ligne\/"},{"@type":"ListItem","position":3,"name":"Interface de programmation d\u2019application"}]},{"@type":"WebSite","@id":"https:\/\/evocagroupna.com\/fr\/#website","url":"https:\/\/evocagroupna.com\/fr\/","name":"Evoca North America","description":"Un site utilisant WordPress","publisher":{"@id":"https:\/\/evocagroupna.com\/fr\/#organization"},"potentialAction":[{"@type":"SearchAction","target":{"@type":"EntryPoint","urlTemplate":"https:\/\/evocagroupna.com\/fr\/?s={search_term_string}"},"query-input":{"@type":"PropertyValueSpecification","valueRequired":true,"valueName":"search_term_string"}}],"inLanguage":"fr-FR"},{"@type":"Organization","@id":"https:\/\/evocagroupna.com\/fr\/#organization","name":"Evoca North America","url":"https:\/\/evocagroupna.com\/fr\/","logo":{"@type":"ImageObject","inLanguage":"fr-FR","@id":"https:\/\/evocagroupna.com\/fr\/#\/schema\/logo\/image\/","url":"https:\/\/evocagroupna.com\/wp-content\/uploads\/2024\/03\/EVOCA-NA_Carre_Couleur_RGB-2.png","contentUrl":"https:\/\/evocagroupna.com\/wp-content\/uploads\/2024\/03\/EVOCA-NA_Carre_Couleur_RGB-2.png","width":1785,"height":1062,"caption":"Evoca North America"},"image":{"@id":"https:\/\/evocagroupna.com\/fr\/#\/schema\/logo\/image\/"}}]}},"_links":{"self":[{"href":"https:\/\/evocagroupna.com\/fr\/wp-json\/wp\/v2\/pages\/9468","targetHints":{"allow":["GET"]}}],"collection":[{"href":"https:\/\/evocagroupna.com\/fr\/wp-json\/wp\/v2\/pages"}],"about":[{"href":"https:\/\/evocagroupna.com\/fr\/wp-json\/wp\/v2\/types\/page"}],"author":[{"embeddable":true,"href":"https:\/\/evocagroupna.com\/fr\/wp-json\/wp\/v2\/users\/5"}],"replies":[{"embeddable":true,"href":"https:\/\/evocagroupna.com\/fr\/wp-json\/wp\/v2\/comments?post=9468"}],"version-history":[{"count":10,"href":"https:\/\/evocagroupna.com\/fr\/wp-json\/wp\/v2\/pages\/9468\/revisions"}],"predecessor-version":[{"id":13030,"href":"https:\/\/evocagroupna.com\/fr\/wp-json\/wp\/v2\/pages\/9468\/revisions\/13030"}],"up":[{"embeddable":true,"href":"https:\/\/evocagroupna.com\/fr\/wp-json\/wp\/v2\/pages\/3959"}],"wp:attachment":[{"href":"https:\/\/evocagroupna.com\/fr\/wp-json\/wp\/v2\/media?parent=9468"}],"curies":[{"name":"wp","href":"https:\/\/api.w.org\/{rel}","templated":true}]}}